{"id":17656,"date":"2019-09-30T10:03:43","date_gmt":"2019-09-30T10:03:43","guid":{"rendered":"https:\/\/wearecapco.com\/construire-selon-les-normes\/"},"modified":"2019-09-30T10:03:43","modified_gmt":"2019-09-30T10:03:43","slug":"construire-selon-les-normes","status":"publish","type":"page","link":"https:\/\/wearecapco.com\/fr\/construire-selon-les-normes\/","title":{"rendered":"Construire selon les normes"},"content":{"rendered":"","protected":false},"excerpt":{"rendered":"","protected":false},"author":1,"featured_media":0,"parent":0,"menu_order":0,"comment_status":"closed","ping_status":"closed","template":"","meta":{"_acf_changed":false,"footnotes":""},"class_list":["post-17656","page","type-page","status-publish","hentry"],"acf":{"flexible_content":[{"acf_fc_layout":"content","content":"<p class=\"p1\"><span class=\"s1\">Chez CAP.Co, nos structures de jeux d&rsquo;aventure sont toujours des cr\u00e9ations uniques, construites \u00e0 la main sur place en tenant compte des conditions sp\u00e9cifiques de chaque lieu. Nous croyons que la s\u00e9curit\u00e9 doit \u00eatre int\u00e9gr\u00e9e d\u00e8s le d\u00e9part dans tous nos lieux d&rsquo;aventure.  <\/span><\/p>\n<p class=\"p1\"><span class=\"s1\">D\u00e8s la conception, la s\u00e9curit\u00e9 est notre priorit\u00e9, depuis le concept jusqu&rsquo;\u00e0 la s\u00e9lection du bois, en passant par les d\u00e9tails de la conception technique, et \u00e0 chaque \u00e9tape de la construction, jusqu&rsquo;au pon\u00e7age et \u00e0 la finition.  <\/span><\/p>\n<p class=\"p1\"><span class=\"s1\">Pour nos structures sur mesure, la norme d&rsquo;essai de s\u00e9curit\u00e9 la plus importante est l&rsquo;inspection de la Royal Society for the Prevention of Accidents (RoSPA). Nos \u00e9quipes comprennent et respectent les normes et les lignes directrices de la RoSPA, et les utilisent comme point de r\u00e9f\u00e9rence pour la prise de d\u00e9cision lors de la conception et de la construction sur le site.<\/span><\/p>\n<p class=\"p1\"><span class=\"s1\">Lorsque nous utilisons des composants externes, tels que des balan\u00e7oires, des cordes et des filets, nous nous assurons qu&rsquo;ils r\u00e9pondent \u00e0 la norme BSEN 1176, qui r\u00e9git et r\u00e9glemente les \u00e9quipements de jeux fabriqu\u00e9s en usine. Pour chaque construction, notre travail est guid\u00e9 par la norme britannique BSEN 1176.<\/span><\/p>\n<p class=\"p1\"><span class=\"s1\">Avant que nos espaces de jeux n&rsquo;ouvrent leurs portes aux aventuriers, nous invitons les inspecteurs ind\u00e9pendants de la RoSPA \u00e0 les parcourir et \u00e0 en v\u00e9rifier les moindres d\u00e9tails. Pour nous, il s&rsquo;agit d&rsquo;une \u00e9tape essentielle pour garantir que nos structures sont s\u00fbres et pr\u00eates \u00e0 \u00eatre utilis\u00e9es !<\/span><\/p>\n"}],"has_hero_image":false},"yoast_head":"<!-- This site is optimized with the Yoast SEO plugin v27.4 - https:\/\/yoast.com\/product\/yoast-seo-wordpress\/ -->\n<title>Nous cr\u00e9ons des lieux d&#039;aventure CAP.Co<\/title>\n<meta name=\"description\" content=\"Chez CAP.Co, nos structures de jeux d&#039;aventure sont toujours des cr\u00e9ations uniques, construites \u00e0 la main sur place avec une attention particuli\u00e8re \u00e0 chaque endroit.\" \/>\n<meta name=\"robots\" content=\"index, follow, max-snippet:-1, max-image-preview:large, max-video-preview:-1\" \/>\n<link rel=\"canonical\" href=\"https:\/\/wearecapco.com\/fr\/construire-selon-les-normes\/\" \/>\n<meta property=\"og:locale\" content=\"fr_FR\" \/>\n<meta property=\"og:type\" content=\"article\" \/>\n<meta property=\"og:title\" content=\"Nous cr\u00e9ons des lieux d&#039;aventure CAP.Co\" \/>\n<meta property=\"og:description\" content=\"Chez CAP.Co, nos structures de jeux d&#039;aventure sont toujours des cr\u00e9ations uniques, construites \u00e0 la main sur place avec une attention particuli\u00e8re \u00e0 chaque endroit.\" \/>\n<meta property=\"og:url\" content=\"https:\/\/wearecapco.com\/fr\/construire-selon-les-normes\/\" \/>\n<meta property=\"og:site_name\" content=\"CAP.CO | Creating Adventurous Places Ltd.\" \/>\n<meta property=\"article:publisher\" content=\"https:\/\/www.facebook.com\/wearecapco\" \/>\n<meta name=\"twitter:card\" content=\"summary_large_image\" \/>\n<script type=\"application\/ld+json\" class=\"yoast-schema-graph\">{\"@context\":\"https:\\\/\\\/schema.org\",\"@graph\":[{\"@type\":\"WebPage\",\"@id\":\"https:\\\/\\\/wearecapco.com\\\/fr\\\/construire-selon-les-normes\\\/\",\"url\":\"https:\\\/\\\/wearecapco.com\\\/fr\\\/construire-selon-les-normes\\\/\",\"name\":\"Nous cr\u00e9ons des lieux d'aventure CAP.Co\",\"isPartOf\":{\"@id\":\"https:\\\/\\\/wearecapco.com\\\/fr\\\/#website\"},\"datePublished\":\"2019-09-30T10:03:43+00:00\",\"description\":\"Chez CAP.Co, nos structures de jeux d'aventure sont toujours des cr\u00e9ations uniques, construites \u00e0 la main sur place avec une attention particuli\u00e8re \u00e0 chaque endroit.\",\"breadcrumb\":{\"@id\":\"https:\\\/\\\/wearecapco.com\\\/fr\\\/construire-selon-les-normes\\\/#breadcrumb\"},\"inLanguage\":\"fr-FR\",\"potentialAction\":[{\"@type\":\"ReadAction\",\"target\":[\"https:\\\/\\\/wearecapco.com\\\/fr\\\/construire-selon-les-normes\\\/\"]}]},{\"@type\":\"BreadcrumbList\",\"@id\":\"https:\\\/\\\/wearecapco.com\\\/fr\\\/construire-selon-les-normes\\\/#breadcrumb\",\"itemListElement\":[{\"@type\":\"ListItem\",\"position\":1,\"name\":\"Home\",\"item\":\"https:\\\/\\\/wearecapco.com\\\/fr\\\/\"},{\"@type\":\"ListItem\",\"position\":2,\"name\":\"Construire selon les normes\"}]},{\"@type\":\"WebSite\",\"@id\":\"https:\\\/\\\/wearecapco.com\\\/fr\\\/#website\",\"url\":\"https:\\\/\\\/wearecapco.com\\\/fr\\\/\",\"name\":\"CAP.CO | Creating Adventurous Places Ltd.\",\"description\":\"Creating adventurous places for every imagination\",\"publisher\":{\"@id\":\"https:\\\/\\\/wearecapco.com\\\/fr\\\/#organization\"},\"potentialAction\":[{\"@type\":\"SearchAction\",\"target\":{\"@type\":\"EntryPoint\",\"urlTemplate\":\"https:\\\/\\\/wearecapco.com\\\/fr\\\/?s={search_term_string}\"},\"query-input\":{\"@type\":\"PropertyValueSpecification\",\"valueRequired\":true,\"valueName\":\"search_term_string\"}}],\"inLanguage\":\"fr-FR\"},{\"@type\":\"Organization\",\"@id\":\"https:\\\/\\\/wearecapco.com\\\/fr\\\/#organization\",\"name\":\"CAP.CO | Creating Adventurous Places Ltd\",\"url\":\"https:\\\/\\\/wearecapco.com\\\/fr\\\/\",\"logo\":{\"@type\":\"ImageObject\",\"inLanguage\":\"fr-FR\",\"@id\":\"https:\\\/\\\/wearecapco.com\\\/fr\\\/#\\\/schema\\\/logo\\\/image\\\/\",\"url\":\"https:\\\/\\\/wearecapco.com\\\/wp-content\\\/uploads\\\/2025\\\/09\\\/cropped-CAP.CO_LOGO_FAVICON.png\",\"contentUrl\":\"https:\\\/\\\/wearecapco.com\\\/wp-content\\\/uploads\\\/2025\\\/09\\\/cropped-CAP.CO_LOGO_FAVICON.png\",\"width\":512,\"height\":512,\"caption\":\"CAP.CO | Creating Adventurous Places Ltd\"},\"image\":{\"@id\":\"https:\\\/\\\/wearecapco.com\\\/fr\\\/#\\\/schema\\\/logo\\\/image\\\/\"},\"sameAs\":[\"https:\\\/\\\/www.facebook.com\\\/wearecapco\",\"https:\\\/\\\/www.instagram.com\\\/we_are_capco\\\/\",\"https:\\\/\\\/www.linkedin.com\\\/company\\\/we-are-capco\\\/about\\\/\",\"https:\\\/\\\/www.youtube.com\\\/channel\\\/UCN0C8R-6BQd6jU-5iB80lcw\\\/videos\"]}]}<\/script>\n<!-- \/ Yoast SEO plugin. -->","yoast_head_json":{"title":"Nous cr\u00e9ons des lieux d'aventure CAP.Co","description":"Chez CAP.Co, nos structures de jeux d'aventure sont toujours des cr\u00e9ations uniques, construites \u00e0 la main sur place avec une attention particuli\u00e8re \u00e0 chaque endroit.","robots":{"index":"index","follow":"follow","max-snippet":"max-snippet:-1","max-image-preview":"max-image-preview:large","max-video-preview":"max-video-preview:-1"},"canonical":"https:\/\/wearecapco.com\/fr\/construire-selon-les-normes\/","og_locale":"fr_FR","og_type":"article","og_title":"Nous cr\u00e9ons des lieux d'aventure CAP.Co","og_description":"Chez CAP.Co, nos structures de jeux d'aventure sont toujours des cr\u00e9ations uniques, construites \u00e0 la main sur place avec une attention particuli\u00e8re \u00e0 chaque endroit.","og_url":"https:\/\/wearecapco.com\/fr\/construire-selon-les-normes\/","og_site_name":"CAP.CO | Creating Adventurous Places Ltd.","article_publisher":"https:\/\/www.facebook.com\/wearecapco","twitter_card":"summary_large_image","schema":{"@context":"https:\/\/schema.org","@graph":[{"@type":"WebPage","@id":"https:\/\/wearecapco.com\/fr\/construire-selon-les-normes\/","url":"https:\/\/wearecapco.com\/fr\/construire-selon-les-normes\/","name":"Nous cr\u00e9ons des lieux d'aventure CAP.Co","isPartOf":{"@id":"https:\/\/wearecapco.com\/fr\/#website"},"datePublished":"2019-09-30T10:03:43+00:00","description":"Chez CAP.Co, nos structures de jeux d'aventure sont toujours des cr\u00e9ations uniques, construites \u00e0 la main sur place avec une attention particuli\u00e8re \u00e0 chaque endroit.","breadcrumb":{"@id":"https:\/\/wearecapco.com\/fr\/construire-selon-les-normes\/#breadcrumb"},"inLanguage":"fr-FR","potentialAction":[{"@type":"ReadAction","target":["https:\/\/wearecapco.com\/fr\/construire-selon-les-normes\/"]}]},{"@type":"BreadcrumbList","@id":"https:\/\/wearecapco.com\/fr\/construire-selon-les-normes\/#breadcrumb","itemListElement":[{"@type":"ListItem","position":1,"name":"Home","item":"https:\/\/wearecapco.com\/fr\/"},{"@type":"ListItem","position":2,"name":"Construire selon les normes"}]},{"@type":"WebSite","@id":"https:\/\/wearecapco.com\/fr\/#website","url":"https:\/\/wearecapco.com\/fr\/","name":"CAP.CO | Creating Adventurous Places Ltd.","description":"Creating adventurous places for every imagination","publisher":{"@id":"https:\/\/wearecapco.com\/fr\/#organization"},"potentialAction":[{"@type":"SearchAction","target":{"@type":"EntryPoint","urlTemplate":"https:\/\/wearecapco.com\/fr\/?s={search_term_string}"},"query-input":{"@type":"PropertyValueSpecification","valueRequired":true,"valueName":"search_term_string"}}],"inLanguage":"fr-FR"},{"@type":"Organization","@id":"https:\/\/wearecapco.com\/fr\/#organization","name":"CAP.CO | Creating Adventurous Places Ltd","url":"https:\/\/wearecapco.com\/fr\/","logo":{"@type":"ImageObject","inLanguage":"fr-FR","@id":"https:\/\/wearecapco.com\/fr\/#\/schema\/logo\/image\/","url":"https:\/\/wearecapco.com\/wp-content\/uploads\/2025\/09\/cropped-CAP.CO_LOGO_FAVICON.png","contentUrl":"https:\/\/wearecapco.com\/wp-content\/uploads\/2025\/09\/cropped-CAP.CO_LOGO_FAVICON.png","width":512,"height":512,"caption":"CAP.CO | Creating Adventurous Places Ltd"},"image":{"@id":"https:\/\/wearecapco.com\/fr\/#\/schema\/logo\/image\/"},"sameAs":["https:\/\/www.facebook.com\/wearecapco","https:\/\/www.instagram.com\/we_are_capco\/","https:\/\/www.linkedin.com\/company\/we-are-capco\/about\/","https:\/\/www.youtube.com\/channel\/UCN0C8R-6BQd6jU-5iB80lcw\/videos"]}]}},"_links":{"self":[{"href":"https:\/\/wearecapco.com\/fr\/wp-json\/wp\/v2\/pages\/17656","targetHints":{"allow":["GET"]}}],"collection":[{"href":"https:\/\/wearecapco.com\/fr\/wp-json\/wp\/v2\/pages"}],"about":[{"href":"https:\/\/wearecapco.com\/fr\/wp-json\/wp\/v2\/types\/page"}],"author":[{"embeddable":true,"href":"https:\/\/wearecapco.com\/fr\/wp-json\/wp\/v2\/users\/1"}],"replies":[{"embeddable":true,"href":"https:\/\/wearecapco.com\/fr\/wp-json\/wp\/v2\/comments?post=17656"}],"version-history":[{"count":0,"href":"https:\/\/wearecapco.com\/fr\/wp-json\/wp\/v2\/pages\/17656\/revisions"}],"wp:attachment":[{"href":"https:\/\/wearecapco.com\/fr\/wp-json\/wp\/v2\/media?parent=17656"}],"curies":[{"name":"wp","href":"https:\/\/api.w.org\/{rel}","templated":true}]}}