{"id":17658,"date":"2018-10-30T15:55:55","date_gmt":"2018-10-30T15:55:55","guid":{"rendered":"https:\/\/wearecapco.com\/politique-en-matiere-de-cookies\/"},"modified":"2018-10-30T15:55:55","modified_gmt":"2018-10-30T15:55:55","slug":"politique-en-matiere-de-cookies","status":"publish","type":"page","link":"https:\/\/wearecapco.com\/fr\/politique-en-matiere-de-cookies\/","title":{"rendered":"Politique en mati\u00e8re de cookies"},"content":{"rendered":"","protected":false},"excerpt":{"rendered":"","protected":false},"author":1,"featured_media":0,"parent":0,"menu_order":0,"comment_status":"closed","ping_status":"closed","template":"","meta":{"_acf_changed":false,"footnotes":""},"class_list":["post-17658","page","type-page","status-publish","hentry"],"acf":{"flexible_content":[{"acf_fc_layout":"content","content":"<h2>Politique en mati\u00e8re de cookies<\/h2>\n<p>Nous utilisons un syst\u00e8me de classification des diff\u00e9rents types de cookies que nous utilisons sur le site web ou qui peuvent \u00eatre utilis\u00e9s par des tiers via nos sites web. La classification a \u00e9t\u00e9 \u00e9labor\u00e9e par la Chambre de commerce internationale du Royaume-Uni et explique plus en d\u00e9tail quels sont les cookies que nous utilisons, pourquoi nous les utilisons et les fonctionnalit\u00e9s que vous perdrez si vous d\u00e9cidez de ne pas les avoir sur votre appareil.<\/p>\n<h3>Qu&rsquo;est-ce qu&rsquo;un cookie ?<\/h3>\n<p>Les cookies sont des fichiers texte contenant de petites quantit\u00e9s d&rsquo;informations qui sont t\u00e9l\u00e9charg\u00e9s sur votre ordinateur personnel, votre t\u00e9l\u00e9phone portable ou tout autre appareil lorsque vous visitez un site web. Les cookies sont ensuite renvoy\u00e9s au site web d&rsquo;origine lors de chaque visite ult\u00e9rieure, ou \u00e0 un autre site web qui reconna\u00eet ce cookie. Les cookies sont utiles car ils permettent \u00e0 un site web de reconna\u00eetre l&rsquo;appareil d&rsquo;un utilisateur.<\/p>\n<h3>Quelle est la dur\u00e9e de conservation des cookies ?<\/h3>\n<p>Cookies persistants &#8211; ces cookies restent sur l&rsquo;appareil de l&rsquo;utilisateur pendant la p\u00e9riode de temps sp\u00e9cifi\u00e9e dans le cookie. Ils sont activ\u00e9s chaque fois que l&rsquo;utilisateur visite le site web qui a cr\u00e9\u00e9 ce cookie particulier.<\/p>\n<p>Cookies de session &#8211; ces cookies permettent aux op\u00e9rateurs de sites web de relier les actions d&rsquo;un utilisateur au cours d&rsquo;une session de navigation. Une session de navigation commence lorsque l&rsquo;utilisateur ouvre la fen\u00eatre du navigateur et se termine lorsqu&rsquo;il la ferme. Les cookies de session sont cr\u00e9\u00e9s temporairement. Lorsque vous fermez le navigateur, tous les cookies de session sont supprim\u00e9s.<\/p>\n<p>Les cookies remplissent de nombreuses fonctions diff\u00e9rentes, comme vous permettre de naviguer efficacement entre les pages, m\u00e9moriser vos pr\u00e9f\u00e9rences et, d&rsquo;une mani\u00e8re g\u00e9n\u00e9rale, am\u00e9liorer l&rsquo;exp\u00e9rience de l&rsquo;utilisateur.<\/p>\n<p>Vous trouverez de plus amples informations sur les cookies \u00e0 l&rsquo;adresse suivante :<a href=\"http:\/\/allaboutcookies.org\" target=\"_blank\" rel=\"noopener\">www.allaboutcookies.org<\/a> et <a href=\"http:\/\/www.youronlinechoices.eu\" target=\"_blank\" rel=\"noopener\">www.youronlinechoices.eu<\/a>.<\/p>\n<h3>Cookies utilis\u00e9s sur le site web<\/h3>\n<p>La liste de tous les cookies utilis\u00e9s sur le site web We are CAP.Co &#8211; Creating Adventurous Places est la suivante :<\/p>\n<p>Google Analytics &#8211; Cookie de performance<br \/>\nCookie d&rsquo;inscription au courrier \u00e9lectronique &#8211; Cookie de fonctionnalit\u00e9<br \/>\nWordpress &#8211; Cookie de fonctionnalit\u00e9<br \/>\nAlbacross &#8211; Performance Cookie<\/p>\n<p>Il existe diff\u00e9rents types de cookies, class\u00e9s comme suit :<\/p>\n<h3>Cookies strictement n\u00e9cessaires<\/h3>\n<p>Ces cookies permettent de fournir des services que vous avez sp\u00e9cifiquement demand\u00e9s. Ces cookies sont essentiels pour vous permettre de vous d\u00e9placer sur le site web et d&rsquo;utiliser ses fonctionnalit\u00e9s, telles que l&rsquo;acc\u00e8s aux zones s\u00e9curis\u00e9es du site web.<\/p>\n<h3>Cookies de performance<\/h3>\n<p>Ces cookies collectent des informations anonymes sur les pages visit\u00e9es. En utilisant le site web, vous acceptez que nous placions ces types de cookies sur votre appareil.<\/p>\n<p>Ces cookies recueillent des informations sur la mani\u00e8re dont les visiteurs utilisent le site web, par exemple les pages les plus souvent consult\u00e9es et les messages d&rsquo;erreur des pages web. Ces cookies ne recueillent pas d&rsquo;informations permettant d&rsquo;identifier un visiteur. Toutes les informations collect\u00e9es par ces cookies sont agr\u00e9g\u00e9es et donc anonymes. Elles ne sont utilis\u00e9es que pour am\u00e9liorer le fonctionnement du site web.<\/p>\n<h3>Cookies de fonctionnalit\u00e9<\/h3>\n<p>Ces cookies m\u00e9morisent les choix que vous faites afin d&rsquo;am\u00e9liorer votre exp\u00e9rience. En utilisant le site web, vous acceptez que nous placions ces types de cookies sur votre appareil.<\/p>\n<p>Ces cookies permettent au site web de se souvenir des choix que vous faites (comme votre nom d&rsquo;utilisateur, votre langue ou la r\u00e9gion dans laquelle vous vous trouvez) et de fournir des fonctions am\u00e9lior\u00e9es et plus personnelles. Ces cookies peuvent \u00e9galement \u00eatre utilis\u00e9s pour m\u00e9moriser les modifications que vous avez apport\u00e9es \u00e0 la taille du texte, aux polices et \u00e0 d&rsquo;autres parties des pages web que vous pouvez personnaliser. Ils peuvent \u00e9galement \u00eatre utilis\u00e9s pour fournir des services que vous avez demand\u00e9s, comme regarder une vid\u00e9o ou commenter un blog. Les informations collect\u00e9es par ces cookies peuvent \u00eatre anonymes et ne peuvent pas suivre votre activit\u00e9 de navigation sur d&rsquo;autres sites web.<\/p>\n<h3>Cookies de tiers<\/h3>\n<p>Ces cookies permettent \u00e0 des tiers de suivre le succ\u00e8s de leur application ou de personnaliser l&rsquo;application pour vous. En raison du fonctionnement des cookies, nous ne pouvons pas acc\u00e9der \u00e0 ces cookies, et les tiers ne peuvent pas non plus acc\u00e9der aux donn\u00e9es contenues dans les cookies utilis\u00e9s sur notre site.<\/p>\n<p>Par exemple, si vous choisissez de \u00ab\u00a0partager\u00a0\u00bb du contenu par l&rsquo;interm\u00e9diaire de Twitter ou d&rsquo;autres r\u00e9seaux sociaux, il se peut que ces sites Web vous envoient des cookies. Nous ne contr\u00f4lons pas la mise en place de ces cookies. Nous vous invitons donc \u00e0 consulter ces sites web pour obtenir de plus amples informations sur leurs cookies et sur la mani\u00e8re de les g\u00e9rer.<\/p>\n"}],"has_hero_image":false},"yoast_head":"<!-- This site is optimized with the Yoast SEO plugin v27.3 - https:\/\/yoast.com\/product\/yoast-seo-wordpress\/ -->\n<title>Politique en mati\u00e8re de cookies | CAP.CO | Creating Adventurous Places Ltd.<\/title>\n<meta name=\"robots\" content=\"index, follow, max-snippet:-1, max-image-preview:large, max-video-preview:-1\" \/>\n<link rel=\"canonical\" href=\"https:\/\/wearecapco.com\/fr\/politique-en-matiere-de-cookies\/\" \/>\n<meta property=\"og:locale\" content=\"fr_FR\" \/>\n<meta property=\"og:type\" content=\"article\" \/>\n<meta property=\"og:title\" content=\"Politique en mati\u00e8re de cookies | CAP.CO | Creating Adventurous Places Ltd.\" \/>\n<meta property=\"og:url\" content=\"https:\/\/wearecapco.com\/fr\/politique-en-matiere-de-cookies\/\" \/>\n<meta property=\"og:site_name\" content=\"CAP.CO | Creating Adventurous Places Ltd.\" \/>\n<meta property=\"article:publisher\" content=\"https:\/\/www.facebook.com\/wearecapco\" \/>\n<meta name=\"twitter:card\" content=\"summary_large_image\" \/>\n<script type=\"application\/ld+json\" class=\"yoast-schema-graph\">{\"@context\":\"https:\\\/\\\/schema.org\",\"@graph\":[{\"@type\":\"WebPage\",\"@id\":\"https:\\\/\\\/wearecapco.com\\\/fr\\\/politique-en-matiere-de-cookies\\\/\",\"url\":\"https:\\\/\\\/wearecapco.com\\\/fr\\\/politique-en-matiere-de-cookies\\\/\",\"name\":\"Politique en mati\u00e8re de cookies | CAP.CO | Creating Adventurous Places Ltd.\",\"isPartOf\":{\"@id\":\"https:\\\/\\\/wearecapco.com\\\/fr\\\/#website\"},\"datePublished\":\"2018-10-30T15:55:55+00:00\",\"breadcrumb\":{\"@id\":\"https:\\\/\\\/wearecapco.com\\\/fr\\\/politique-en-matiere-de-cookies\\\/#breadcrumb\"},\"inLanguage\":\"fr-FR\",\"potentialAction\":[{\"@type\":\"ReadAction\",\"target\":[\"https:\\\/\\\/wearecapco.com\\\/fr\\\/politique-en-matiere-de-cookies\\\/\"]}]},{\"@type\":\"BreadcrumbList\",\"@id\":\"https:\\\/\\\/wearecapco.com\\\/fr\\\/politique-en-matiere-de-cookies\\\/#breadcrumb\",\"itemListElement\":[{\"@type\":\"ListItem\",\"position\":1,\"name\":\"Home\",\"item\":\"https:\\\/\\\/wearecapco.com\\\/fr\\\/\"},{\"@type\":\"ListItem\",\"position\":2,\"name\":\"Politique en mati\u00e8re de cookies\"}]},{\"@type\":\"WebSite\",\"@id\":\"https:\\\/\\\/wearecapco.com\\\/fr\\\/#website\",\"url\":\"https:\\\/\\\/wearecapco.com\\\/fr\\\/\",\"name\":\"CAP.CO | Creating Adventurous Places Ltd.\",\"description\":\"Creating adventurous places for every imagination\",\"publisher\":{\"@id\":\"https:\\\/\\\/wearecapco.com\\\/fr\\\/#organization\"},\"potentialAction\":[{\"@type\":\"SearchAction\",\"target\":{\"@type\":\"EntryPoint\",\"urlTemplate\":\"https:\\\/\\\/wearecapco.com\\\/fr\\\/?s={search_term_string}\"},\"query-input\":{\"@type\":\"PropertyValueSpecification\",\"valueRequired\":true,\"valueName\":\"search_term_string\"}}],\"inLanguage\":\"fr-FR\"},{\"@type\":\"Organization\",\"@id\":\"https:\\\/\\\/wearecapco.com\\\/fr\\\/#organization\",\"name\":\"CAP.CO | Creating Adventurous Places Ltd\",\"url\":\"https:\\\/\\\/wearecapco.com\\\/fr\\\/\",\"logo\":{\"@type\":\"ImageObject\",\"inLanguage\":\"fr-FR\",\"@id\":\"https:\\\/\\\/wearecapco.com\\\/fr\\\/#\\\/schema\\\/logo\\\/image\\\/\",\"url\":\"https:\\\/\\\/wearecapco.com\\\/wp-content\\\/uploads\\\/2025\\\/09\\\/cropped-CAP.CO_LOGO_FAVICON.png\",\"contentUrl\":\"https:\\\/\\\/wearecapco.com\\\/wp-content\\\/uploads\\\/2025\\\/09\\\/cropped-CAP.CO_LOGO_FAVICON.png\",\"width\":512,\"height\":512,\"caption\":\"CAP.CO | Creating Adventurous Places Ltd\"},\"image\":{\"@id\":\"https:\\\/\\\/wearecapco.com\\\/fr\\\/#\\\/schema\\\/logo\\\/image\\\/\"},\"sameAs\":[\"https:\\\/\\\/www.facebook.com\\\/wearecapco\",\"https:\\\/\\\/www.instagram.com\\\/we_are_capco\\\/\",\"https:\\\/\\\/www.linkedin.com\\\/company\\\/we-are-capco\\\/about\\\/\",\"https:\\\/\\\/www.youtube.com\\\/channel\\\/UCN0C8R-6BQd6jU-5iB80lcw\\\/videos\"]}]}<\/script>\n<!-- \/ Yoast SEO plugin. -->","yoast_head_json":{"title":"Politique en mati\u00e8re de cookies | CAP.CO | Creating Adventurous Places Ltd.","robots":{"index":"index","follow":"follow","max-snippet":"max-snippet:-1","max-image-preview":"max-image-preview:large","max-video-preview":"max-video-preview:-1"},"canonical":"https:\/\/wearecapco.com\/fr\/politique-en-matiere-de-cookies\/","og_locale":"fr_FR","og_type":"article","og_title":"Politique en mati\u00e8re de cookies | CAP.CO | Creating Adventurous Places Ltd.","og_url":"https:\/\/wearecapco.com\/fr\/politique-en-matiere-de-cookies\/","og_site_name":"CAP.CO | Creating Adventurous Places Ltd.","article_publisher":"https:\/\/www.facebook.com\/wearecapco","twitter_card":"summary_large_image","schema":{"@context":"https:\/\/schema.org","@graph":[{"@type":"WebPage","@id":"https:\/\/wearecapco.com\/fr\/politique-en-matiere-de-cookies\/","url":"https:\/\/wearecapco.com\/fr\/politique-en-matiere-de-cookies\/","name":"Politique en mati\u00e8re de cookies | CAP.CO | Creating Adventurous Places Ltd.","isPartOf":{"@id":"https:\/\/wearecapco.com\/fr\/#website"},"datePublished":"2018-10-30T15:55:55+00:00","breadcrumb":{"@id":"https:\/\/wearecapco.com\/fr\/politique-en-matiere-de-cookies\/#breadcrumb"},"inLanguage":"fr-FR","potentialAction":[{"@type":"ReadAction","target":["https:\/\/wearecapco.com\/fr\/politique-en-matiere-de-cookies\/"]}]},{"@type":"BreadcrumbList","@id":"https:\/\/wearecapco.com\/fr\/politique-en-matiere-de-cookies\/#breadcrumb","itemListElement":[{"@type":"ListItem","position":1,"name":"Home","item":"https:\/\/wearecapco.com\/fr\/"},{"@type":"ListItem","position":2,"name":"Politique en mati\u00e8re de cookies"}]},{"@type":"WebSite","@id":"https:\/\/wearecapco.com\/fr\/#website","url":"https:\/\/wearecapco.com\/fr\/","name":"CAP.CO | Creating Adventurous Places Ltd.","description":"Creating adventurous places for every imagination","publisher":{"@id":"https:\/\/wearecapco.com\/fr\/#organization"},"potentialAction":[{"@type":"SearchAction","target":{"@type":"EntryPoint","urlTemplate":"https:\/\/wearecapco.com\/fr\/?s={search_term_string}"},"query-input":{"@type":"PropertyValueSpecification","valueRequired":true,"valueName":"search_term_string"}}],"inLanguage":"fr-FR"},{"@type":"Organization","@id":"https:\/\/wearecapco.com\/fr\/#organization","name":"CAP.CO | Creating Adventurous Places Ltd","url":"https:\/\/wearecapco.com\/fr\/","logo":{"@type":"ImageObject","inLanguage":"fr-FR","@id":"https:\/\/wearecapco.com\/fr\/#\/schema\/logo\/image\/","url":"https:\/\/wearecapco.com\/wp-content\/uploads\/2025\/09\/cropped-CAP.CO_LOGO_FAVICON.png","contentUrl":"https:\/\/wearecapco.com\/wp-content\/uploads\/2025\/09\/cropped-CAP.CO_LOGO_FAVICON.png","width":512,"height":512,"caption":"CAP.CO | Creating Adventurous Places Ltd"},"image":{"@id":"https:\/\/wearecapco.com\/fr\/#\/schema\/logo\/image\/"},"sameAs":["https:\/\/www.facebook.com\/wearecapco","https:\/\/www.instagram.com\/we_are_capco\/","https:\/\/www.linkedin.com\/company\/we-are-capco\/about\/","https:\/\/www.youtube.com\/channel\/UCN0C8R-6BQd6jU-5iB80lcw\/videos"]}]}},"_links":{"self":[{"href":"https:\/\/wearecapco.com\/fr\/wp-json\/wp\/v2\/pages\/17658","targetHints":{"allow":["GET"]}}],"collection":[{"href":"https:\/\/wearecapco.com\/fr\/wp-json\/wp\/v2\/pages"}],"about":[{"href":"https:\/\/wearecapco.com\/fr\/wp-json\/wp\/v2\/types\/page"}],"author":[{"embeddable":true,"href":"https:\/\/wearecapco.com\/fr\/wp-json\/wp\/v2\/users\/1"}],"replies":[{"embeddable":true,"href":"https:\/\/wearecapco.com\/fr\/wp-json\/wp\/v2\/comments?post=17658"}],"version-history":[{"count":0,"href":"https:\/\/wearecapco.com\/fr\/wp-json\/wp\/v2\/pages\/17658\/revisions"}],"wp:attachment":[{"href":"https:\/\/wearecapco.com\/fr\/wp-json\/wp\/v2\/media?parent=17658"}],"curies":[{"name":"wp","href":"https:\/\/api.w.org\/{rel}","templated":true}]}}