{"id":17661,"date":"2018-10-30T15:55:35","date_gmt":"2018-10-30T15:55:35","guid":{"rendered":"https:\/\/wearecapco.com\/politique-de-confidentialite\/"},"modified":"2018-10-30T15:55:35","modified_gmt":"2018-10-30T15:55:35","slug":"politique-de-confidentialite","status":"publish","type":"page","link":"https:\/\/wearecapco.com\/fr\/politique-de-confidentialite\/","title":{"rendered":"Politique de confidentialit\u00e9"},"content":{"rendered":"","protected":false},"excerpt":{"rendered":"","protected":false},"author":1,"featured_media":0,"parent":0,"menu_order":0,"comment_status":"closed","ping_status":"closed","template":"","meta":{"_acf_changed":false,"footnotes":""},"class_list":["post-17661","page","type-page","status-publish","hentry"],"acf":{"flexible_content":[{"acf_fc_layout":"content","content":"<h2 style=\"text-align: left;\">Politique de confidentialit\u00e9<\/h2>\n<p style=\"text-align: left;\">Cet avis explique comment nous collectons, conservons et utilisons les informations que nous d\u00e9tenons sur vous et comment vous pouvez nous contacter. Quelles sont les informations que nous recueillons ? En r\u00e8gle g\u00e9n\u00e9rale, les donn\u00e9es que nous d\u00e9tenons sont des donn\u00e9es de contact professionnel et peuvent inclure tout ou partie des \u00e9l\u00e9ments suivants : nom, titre du poste, adresse \u00e9lectronique, adresse professionnelle et num\u00e9ro de t\u00e9l\u00e9phone. Nous ne recueillons que les informations n\u00e9cessaires, pertinentes et ad\u00e9quates aux fins pour lesquelles vous les fournissez.<\/p>\n<p style=\"text-align: left;\">Ces donn\u00e9es proviennent normalement d&rsquo;une demande d&rsquo;utilisation de nos services ou des processus de fourniture de nos services \u00e0 votre organisation.<\/p>\n<p style=\"text-align: left;\"><strong>Comment utilisons-nous ces informations ?<\/strong><\/p>\n<p style=\"text-align: left;\">Nous utilisons ces informations dans le cadre de nos activit\u00e9s quotidiennes pour vous contacter ou pour discuter de nos services, ainsi qu&rsquo;\u00e0 des fins d&rsquo;information.<\/p>\n<p style=\"text-align: left;\">Nous ne traiterons que les informations n\u00e9cessaires aux fins pour lesquelles elles ont \u00e9t\u00e9 collect\u00e9es.<\/p>\n<p style=\"text-align: left;\">Si nous utilisons vos informations pour promouvoir nos activit\u00e9s et nos services, nous vous contacterons et vous demanderons d&rsquo;abord votre autorisation.<\/p>\n<p style=\"text-align: left;\"><strong>Comment partageons-nous ces informations ?<\/strong><\/p>\n<p style=\"text-align: left;\">Nos donn\u00e9es sont conserv\u00e9es en toute s\u00e9curit\u00e9 et nous ne vendons ni ne transmettons ces informations \u00e0 des tiers.<\/p>\n<p style=\"text-align: left;\">Chez We are CAP.Co &#8211; Creating Adventurous Places, nous nous engageons \u00e0 maintenir la confiance des visiteurs de notre site web. En particulier, nous tenons \u00e0 ce que vous sachiez que nous ne vendons, ne louons ni n&rsquo;\u00e9changeons jamais de listes d&rsquo;adresses \u00e9lectroniques avec d&rsquo;autres soci\u00e9t\u00e9s ou entreprises \u00e0 des fins de marketing.<\/p>\n<p style=\"text-align: left;\"><strong>Combien de temps conservons-nous vos informations ?<\/strong><\/p>\n<p style=\"text-align: left;\">Nous ne conserverons pas vos informations personnelles sous une forme identifiable plus longtemps que n\u00e9cessaire.<\/p>\n<p style=\"text-align: left;\"><strong>Comment puis-je g\u00e9rer les informations que nous d\u00e9tenons \u00e0 votre sujet ?<\/strong><\/p>\n<p style=\"text-align: left;\">Vous avez le droit, en tant qu&rsquo;individu, d&rsquo;acc\u00e9der aux informations personnelles que nous d\u00e9tenons \u00e0 votre sujet et d&rsquo;y apporter des corrections si n\u00e9cessaire.<\/p>\n<p style=\"text-align: left;\">Si vous souhaitez confirmer que nous d\u00e9tenons des donn\u00e9es sur vous, ou consulter ces donn\u00e9es personnelles, veuillez contacter <a href=\"mailto:hello@wearecapco.com\" target=\"_blank\" rel=\"noopener\">hello@wearecapco.com<\/a>.<\/p>\n<p style=\"text-align: left;\">Ou en \u00e9crivant \u00e0 Creating Adventurous Places Ltd. Hall Farm, Barton Turf, Norwich, Norfolk, NR12 8AS<\/p>\n<p style=\"text-align: left;\"><strong>Plus d&rsquo;informations<\/strong><\/p>\n<p style=\"text-align: left;\">Mais pour \u00eatre s\u00fbrs, nous avons fourni dans cette politique de confidentialit\u00e9 de nombreuses informations d\u00e9taill\u00e9es sur le moment et la raison pour laquelle nous recueillons vos informations personnelles, sur la mani\u00e8re dont nous les utilisons, sur les conditions limit\u00e9es dans lesquelles nous pouvons les divulguer \u00e0 d&rsquo;autres et sur la mani\u00e8re dont nous les prot\u00e9geons. N&rsquo;h\u00e9sitez donc pas \u00e0 le lire et \u00e0 nous poser des questions \u00e0 l&rsquo;adresse <a href=\"mailto:hello@wearecapco.com\" target=\"_blank\" rel=\"noopener\">hello@wearecapco.com<\/a>.<\/p>\n<h2 style=\"text-align: left;\">Types de donn\u00e9es collect\u00e9es<\/h2>\n<p style=\"text-align: left;\"><strong>Cookies du site web<\/strong><\/p>\n<p style=\"text-align: left;\">Notre site web utilise des cookies pour collecter des informations. Il s&rsquo;agit notamment d&rsquo;informations sur le comportement de navigation des personnes qui acc\u00e8dent \u00e0 notre site web. Il comprend \u00e9galement des informations sur les pages consult\u00e9es et sur le parcours du client sur notre site web.<\/p>\n<p style=\"text-align: left;\"><strong>Google Analytics<\/strong><\/p>\n<p style=\"text-align: left;\">Lorsque quelqu&rsquo;un visite le site wearecapco.com, nous utilisons un service tiers, Google Analytics, pour collecter des informations de journal Internet standard et des d\u00e9tails sur les mod\u00e8les de comportement des visiteurs. Nous le faisons pour conna\u00eetre des \u00e9l\u00e9ments tels que le nombre de visiteurs dans les diff\u00e9rentes parties du site. Ces informations ne sont trait\u00e9es que de mani\u00e8re \u00e0 ne pas identifier qui que ce soit. Nous n&rsquo;essayons pas, et n&rsquo;autorisons pas Google \u00e0 le faire, de d\u00e9couvrir l&rsquo;identit\u00e9 des personnes qui visitent notre site web.<\/p>\n<p style=\"text-align: left;\"><strong>Listes de diffusion<\/strong><\/p>\n<p style=\"text-align: left;\">Dans le cadre de la proc\u00e9dure d&rsquo;inscription \u00e0 notre bulletin d&rsquo;information \u00e9lectronique, nous recueillons des informations personnelles. Nous utilisons ces informations pour plusieurs raisons : pour vous parler des choses dont vous nous avez demand\u00e9 de vous parler ; pour vous contacter si nous avons besoin d&rsquo;obtenir ou de fournir des informations suppl\u00e9mentaires ; pour v\u00e9rifier que nos dossiers sont corrects et pour nous assurer de temps en temps que vous \u00eates heureux et satisfait. Nous ne louons pas et n&rsquo;\u00e9changeons pas de listes d&rsquo;adresses \u00e9lectroniques avec d&rsquo;autres organisations ou entreprises.<\/p>\n<p style=\"text-align: left;\">Nous utilisons un fournisseur tiers, Campaign Monitor, pour diffuser notre lettre d&rsquo;information. Nous recueillons des statistiques sur l&rsquo;ouverture des courriels et les clics \u00e0 l&rsquo;aide de technologies standard pour nous aider \u00e0 contr\u00f4ler et \u00e0 am\u00e9liorer notre bulletin d&rsquo;information \u00e9lectronique. Pour plus d&rsquo;informations, veuillez consulter l&rsquo;avis de confidentialit\u00e9 de Campaign Monitor. Vous pouvez vous d\u00e9sabonner des envois g\u00e9n\u00e9raux \u00e0 toute heure du jour ou de la nuit en cliquant sur le lien de d\u00e9sabonnement figurant au bas de l&rsquo;un de nos courriels ou en envoyant un courriel \u00e0 notre responsable de la protection des donn\u00e9es \u00e0 l&rsquo;adresse suivante : <a href=\"mailto:hello@wearecapco.com\">hello@wearecapco.com<\/a>.<\/p>\n<p style=\"text-align: left;\"><strong>Albacross<\/strong><\/p>\n<p style=\"text-align: left;\">Il s&rsquo;agit d&rsquo;un service que nous utilisons pour nous permettre de voir les adresses IP de nos visiteurs, qui peuvent \u00eatre utilis\u00e9es pour identifier les organisations qui consultent notre site web. Il est toutefois totalement anonyme et ne nous permet pas de conna\u00eetre les d\u00e9tails de l&rsquo;individu au sein de l&rsquo;organisation. Vous pouvez consulter la politique de confidentialit\u00e9 d&rsquo;Albacross <a href=\"https:\/\/albacross.com\/privacy-policy\/\" target=\"_blank\" rel=\"noopener\">ici<\/a>.<\/p>\n<p style=\"text-align: left;\"><strong>Tiers<\/strong><\/p>\n<p style=\"text-align: left;\">Nous ne partagerons pas vos donn\u00e9es avec des personnes ext\u00e9rieures \u00e0 We are CAP.Co &#8211; Creating Adventurous Places et \u00e0 nos partenaires de travail, tels que notre soci\u00e9t\u00e9 de services Internet.<\/p>\n<p style=\"text-align: left;\"><strong>Acc\u00e8s \u00e0 vos donn\u00e9es personnelles<\/strong><\/p>\n<p style=\"text-align: left;\">En vertu du GDPR, vous avez le droit d&rsquo;acc\u00e9der et de modifier toutes les donn\u00e9es personnelles que nous d\u00e9tenons \u00e0 votre sujet. Vous avez le droit de consulter, de modifier ou de supprimer les informations personnelles que nous d\u00e9tenons. Envoyez votre demande par courrier \u00e9lectronique \u00e0 notre d\u00e9l\u00e9gu\u00e9 \u00e0 la protection des donn\u00e9es \u00e0 l&rsquo;adresse suivante : <a href=\"mailto:hello@wearecapco.com\" target=\"_blank\" rel=\"noopener\">hello@wearecapco.com<\/a><\/p>\n<p style=\"text-align: left;\"><strong>Modifications du pr\u00e9sent avis de confidentialit\u00e9<\/strong><\/p>\n<p style=\"text-align: left;\">Notre avis sur la protection de la vie priv\u00e9e fait l&rsquo;objet d&rsquo;une r\u00e9vision r\u00e9guli\u00e8re.<\/p>\n<p style=\"text-align: left;\">Cet avis de confidentialit\u00e9 a \u00e9t\u00e9 mis \u00e0 jour pour la derni\u00e8re fois le 22 f\u00e9vrier 2022.<\/p>\n"}],"has_hero_image":false},"yoast_head":"<!-- This site is optimized with the Yoast SEO plugin v27.5 - https:\/\/yoast.com\/product\/yoast-seo-wordpress\/ -->\n<title>Politique de confidentialit\u00e9 | CAP.CO | Creating Adventurous Places Ltd.<\/title>\n<meta name=\"robots\" content=\"index, follow, max-snippet:-1, max-image-preview:large, max-video-preview:-1\" \/>\n<link rel=\"canonical\" href=\"https:\/\/wearecapco.com\/fr\/politique-de-confidentialite\/\" \/>\n<meta property=\"og:locale\" content=\"fr_FR\" \/>\n<meta property=\"og:type\" content=\"article\" \/>\n<meta property=\"og:title\" content=\"Politique de confidentialit\u00e9 | CAP.CO | Creating Adventurous Places Ltd.\" \/>\n<meta property=\"og:url\" content=\"https:\/\/wearecapco.com\/fr\/politique-de-confidentialite\/\" \/>\n<meta property=\"og:site_name\" content=\"CAP.CO | Creating Adventurous Places Ltd.\" \/>\n<meta property=\"article:publisher\" content=\"https:\/\/www.facebook.com\/wearecapco\" \/>\n<meta name=\"twitter:card\" content=\"summary_large_image\" \/>\n<script type=\"application\/ld+json\" class=\"yoast-schema-graph\">{\"@context\":\"https:\\\/\\\/schema.org\",\"@graph\":[{\"@type\":\"WebPage\",\"@id\":\"https:\\\/\\\/wearecapco.com\\\/fr\\\/politique-de-confidentialite\\\/\",\"url\":\"https:\\\/\\\/wearecapco.com\\\/fr\\\/politique-de-confidentialite\\\/\",\"name\":\"Politique de confidentialit\u00e9 | CAP.CO | Creating Adventurous Places Ltd.\",\"isPartOf\":{\"@id\":\"https:\\\/\\\/wearecapco.com\\\/fr\\\/#website\"},\"datePublished\":\"2018-10-30T15:55:35+00:00\",\"breadcrumb\":{\"@id\":\"https:\\\/\\\/wearecapco.com\\\/fr\\\/politique-de-confidentialite\\\/#breadcrumb\"},\"inLanguage\":\"fr-FR\",\"potentialAction\":[{\"@type\":\"ReadAction\",\"target\":[\"https:\\\/\\\/wearecapco.com\\\/fr\\\/politique-de-confidentialite\\\/\"]}]},{\"@type\":\"BreadcrumbList\",\"@id\":\"https:\\\/\\\/wearecapco.com\\\/fr\\\/politique-de-confidentialite\\\/#breadcrumb\",\"itemListElement\":[{\"@type\":\"ListItem\",\"position\":1,\"name\":\"Home\",\"item\":\"https:\\\/\\\/wearecapco.com\\\/fr\\\/\"},{\"@type\":\"ListItem\",\"position\":2,\"name\":\"Politique de confidentialit\u00e9\"}]},{\"@type\":\"WebSite\",\"@id\":\"https:\\\/\\\/wearecapco.com\\\/fr\\\/#website\",\"url\":\"https:\\\/\\\/wearecapco.com\\\/fr\\\/\",\"name\":\"CAP.CO | Creating Adventurous Places Ltd.\",\"description\":\"Creating adventurous places for every imagination\",\"publisher\":{\"@id\":\"https:\\\/\\\/wearecapco.com\\\/fr\\\/#organization\"},\"potentialAction\":[{\"@type\":\"SearchAction\",\"target\":{\"@type\":\"EntryPoint\",\"urlTemplate\":\"https:\\\/\\\/wearecapco.com\\\/fr\\\/?s={search_term_string}\"},\"query-input\":{\"@type\":\"PropertyValueSpecification\",\"valueRequired\":true,\"valueName\":\"search_term_string\"}}],\"inLanguage\":\"fr-FR\"},{\"@type\":\"Organization\",\"@id\":\"https:\\\/\\\/wearecapco.com\\\/fr\\\/#organization\",\"name\":\"CAP.CO | Creating Adventurous Places Ltd\",\"url\":\"https:\\\/\\\/wearecapco.com\\\/fr\\\/\",\"logo\":{\"@type\":\"ImageObject\",\"inLanguage\":\"fr-FR\",\"@id\":\"https:\\\/\\\/wearecapco.com\\\/fr\\\/#\\\/schema\\\/logo\\\/image\\\/\",\"url\":\"https:\\\/\\\/wearecapco.com\\\/wp-content\\\/uploads\\\/2025\\\/09\\\/cropped-CAP.CO_LOGO_FAVICON.png\",\"contentUrl\":\"https:\\\/\\\/wearecapco.com\\\/wp-content\\\/uploads\\\/2025\\\/09\\\/cropped-CAP.CO_LOGO_FAVICON.png\",\"width\":512,\"height\":512,\"caption\":\"CAP.CO | Creating Adventurous Places Ltd\"},\"image\":{\"@id\":\"https:\\\/\\\/wearecapco.com\\\/fr\\\/#\\\/schema\\\/logo\\\/image\\\/\"},\"sameAs\":[\"https:\\\/\\\/www.facebook.com\\\/wearecapco\",\"https:\\\/\\\/www.instagram.com\\\/we_are_capco\\\/\",\"https:\\\/\\\/www.linkedin.com\\\/company\\\/we-are-capco\\\/about\\\/\",\"https:\\\/\\\/www.youtube.com\\\/channel\\\/UCN0C8R-6BQd6jU-5iB80lcw\\\/videos\"]}]}<\/script>\n<!-- \/ Yoast SEO plugin. -->","yoast_head_json":{"title":"Politique de confidentialit\u00e9 | CAP.CO | Creating Adventurous Places Ltd.","robots":{"index":"index","follow":"follow","max-snippet":"max-snippet:-1","max-image-preview":"max-image-preview:large","max-video-preview":"max-video-preview:-1"},"canonical":"https:\/\/wearecapco.com\/fr\/politique-de-confidentialite\/","og_locale":"fr_FR","og_type":"article","og_title":"Politique de confidentialit\u00e9 | CAP.CO | Creating Adventurous Places Ltd.","og_url":"https:\/\/wearecapco.com\/fr\/politique-de-confidentialite\/","og_site_name":"CAP.CO | Creating Adventurous Places Ltd.","article_publisher":"https:\/\/www.facebook.com\/wearecapco","twitter_card":"summary_large_image","schema":{"@context":"https:\/\/schema.org","@graph":[{"@type":"WebPage","@id":"https:\/\/wearecapco.com\/fr\/politique-de-confidentialite\/","url":"https:\/\/wearecapco.com\/fr\/politique-de-confidentialite\/","name":"Politique de confidentialit\u00e9 | CAP.CO | Creating Adventurous Places Ltd.","isPartOf":{"@id":"https:\/\/wearecapco.com\/fr\/#website"},"datePublished":"2018-10-30T15:55:35+00:00","breadcrumb":{"@id":"https:\/\/wearecapco.com\/fr\/politique-de-confidentialite\/#breadcrumb"},"inLanguage":"fr-FR","potentialAction":[{"@type":"ReadAction","target":["https:\/\/wearecapco.com\/fr\/politique-de-confidentialite\/"]}]},{"@type":"BreadcrumbList","@id":"https:\/\/wearecapco.com\/fr\/politique-de-confidentialite\/#breadcrumb","itemListElement":[{"@type":"ListItem","position":1,"name":"Home","item":"https:\/\/wearecapco.com\/fr\/"},{"@type":"ListItem","position":2,"name":"Politique de confidentialit\u00e9"}]},{"@type":"WebSite","@id":"https:\/\/wearecapco.com\/fr\/#website","url":"https:\/\/wearecapco.com\/fr\/","name":"CAP.CO | Creating Adventurous Places Ltd.","description":"Creating adventurous places for every imagination","publisher":{"@id":"https:\/\/wearecapco.com\/fr\/#organization"},"potentialAction":[{"@type":"SearchAction","target":{"@type":"EntryPoint","urlTemplate":"https:\/\/wearecapco.com\/fr\/?s={search_term_string}"},"query-input":{"@type":"PropertyValueSpecification","valueRequired":true,"valueName":"search_term_string"}}],"inLanguage":"fr-FR"},{"@type":"Organization","@id":"https:\/\/wearecapco.com\/fr\/#organization","name":"CAP.CO | Creating Adventurous Places Ltd","url":"https:\/\/wearecapco.com\/fr\/","logo":{"@type":"ImageObject","inLanguage":"fr-FR","@id":"https:\/\/wearecapco.com\/fr\/#\/schema\/logo\/image\/","url":"https:\/\/wearecapco.com\/wp-content\/uploads\/2025\/09\/cropped-CAP.CO_LOGO_FAVICON.png","contentUrl":"https:\/\/wearecapco.com\/wp-content\/uploads\/2025\/09\/cropped-CAP.CO_LOGO_FAVICON.png","width":512,"height":512,"caption":"CAP.CO | Creating Adventurous Places Ltd"},"image":{"@id":"https:\/\/wearecapco.com\/fr\/#\/schema\/logo\/image\/"},"sameAs":["https:\/\/www.facebook.com\/wearecapco","https:\/\/www.instagram.com\/we_are_capco\/","https:\/\/www.linkedin.com\/company\/we-are-capco\/about\/","https:\/\/www.youtube.com\/channel\/UCN0C8R-6BQd6jU-5iB80lcw\/videos"]}]}},"_links":{"self":[{"href":"https:\/\/wearecapco.com\/fr\/wp-json\/wp\/v2\/pages\/17661","targetHints":{"allow":["GET"]}}],"collection":[{"href":"https:\/\/wearecapco.com\/fr\/wp-json\/wp\/v2\/pages"}],"about":[{"href":"https:\/\/wearecapco.com\/fr\/wp-json\/wp\/v2\/types\/page"}],"author":[{"embeddable":true,"href":"https:\/\/wearecapco.com\/fr\/wp-json\/wp\/v2\/users\/1"}],"replies":[{"embeddable":true,"href":"https:\/\/wearecapco.com\/fr\/wp-json\/wp\/v2\/comments?post=17661"}],"version-history":[{"count":0,"href":"https:\/\/wearecapco.com\/fr\/wp-json\/wp\/v2\/pages\/17661\/revisions"}],"wp:attachment":[{"href":"https:\/\/wearecapco.com\/fr\/wp-json\/wp\/v2\/media?parent=17661"}],"curies":[{"name":"wp","href":"https:\/\/api.w.org\/{rel}","templated":true}]}}