{"id":17663,"date":"2019-01-09T18:16:04","date_gmt":"2019-01-09T18:16:04","guid":{"rendered":"https:\/\/wearecapco.com\/la-valeur-du-jeu\/"},"modified":"2019-01-09T18:16:04","modified_gmt":"2019-01-09T18:16:04","slug":"la-valeur-du-jeu","status":"publish","type":"page","link":"https:\/\/wearecapco.com\/fr\/la-valeur-du-jeu\/","title":{"rendered":"La valeur du jeu"},"content":{"rendered":"","protected":false},"excerpt":{"rendered":"","protected":false},"author":2,"featured_media":0,"parent":0,"menu_order":0,"comment_status":"closed","ping_status":"closed","template":"","meta":{"_acf_changed":false,"footnotes":""},"class_list":["post-17663","page","type-page","status-publish","hentry"],"acf":{"flexible_content":[{"acf_fc_layout":"tittle-para","tittle-para":"La valeur du jeu"},{"acf_fc_layout":"content","content":"<h2>Quelle est la valeur r\u00e9elle du jeu ?<\/h2>\n<p><img loading=\"lazy\" decoding=\"async\" class=\"aligncenter wp-image-12637 size-full\" src=\"https:\/\/wearecapco.com\/wp-content\/uploads\/2017\/03\/15-working-together-and-playing-together-at-Culzean-Castle-Adventure-play.jpg\" alt=\"Travailler et jouer ensemble dans la for\u00eat sauvage\" width=\"1000\" height=\"668\" srcset=\"https:\/\/wearecapco.com\/wp-content\/uploads\/2017\/03\/15-working-together-and-playing-together-at-Culzean-Castle-Adventure-play.jpg 1000w, https:\/\/wearecapco.com\/wp-content\/uploads\/2017\/03\/15-working-together-and-playing-together-at-Culzean-Castle-Adventure-play-300x200.jpg 300w, https:\/\/wearecapco.com\/wp-content\/uploads\/2017\/03\/15-working-together-and-playing-together-at-Culzean-Castle-Adventure-play-768x513.jpg 768w, https:\/\/wearecapco.com\/wp-content\/uploads\/2017\/03\/15-working-together-and-playing-together-at-Culzean-Castle-Adventure-play-599x400.jpg 599w, https:\/\/wearecapco.com\/wp-content\/uploads\/2017\/03\/15-working-together-and-playing-together-at-Culzean-Castle-Adventure-play-449x300.jpg 449w\" sizes=\"auto, (max-width: 1000px) 100vw, 1000px\" \/><br \/>\nNous savons tous que les jeunes passent probablement trop de temps devant leurs \u00e9crans. Heureusement, depuis quelques ann\u00e9es, l&rsquo;isolement est moins fr\u00e9quent et il est d\u00e9sormais possible de socialiser en ligne avec des pairs. Mais cela entra\u00eene \u00e9galement de nouvelles pressions que la g\u00e9n\u00e9ration plus \u00e2g\u00e9e ne verra peut-\u00eatre jamais, et dont elle ne fera peut-\u00eatre m\u00eame pas l&rsquo;exp\u00e9rience. Un manque de likes est un tour de passe-passe en ligne, un unfollow peut signifier la fin d&rsquo;une amiti\u00e9 et une relation n&rsquo;est pas officielle tant qu&rsquo;elle n&rsquo;est pas officiellement en ligne.<\/p>\n<p>Depuis que nous avons cr\u00e9\u00e9 CAP.Co en 2014, nous nous sommes donn\u00e9 pour mission de faire en sorte que les enfants jouent \u00e0 nouveau, en plein air et ensemble. Avec les parents, avec les amis, en prenant des risques et en s&rsquo;amusant vraiment. Comme beaucoup d&rsquo;entre nous l&rsquo;ont fait quand nous \u00e9tions enfants, mais dans des espaces de jeu \u00e9tonnants qui sont con\u00e7us pour \u00eatre aventureux, cr\u00e9er des d\u00e9fis tout en restant s\u00fbrs. Nous voulons donner le frisson et l&rsquo;excitation d&rsquo;un jeu r\u00e9el, avec un soup\u00e7on de risque, sans jouer avec le feu.<\/p>\n<p>De nombreux membres de l&rsquo;\u00e9quipe ont appris leur m\u00e9tier chez Treehouse Company en \u00c9cosse, les anciens ma\u00eetres de la conception de cabanes dans les arbres. En travaillant avec eux, nous avons particip\u00e9 \u00e0 la construction d&rsquo;une fabuleuse attraction dans le Norfolk et nous avons vu comment un design exceptionnel, associ\u00e9 \u00e0 une valeur ludique exceptionnelle, pouvait cr\u00e9er quelque chose de magique &#8211; et qui a ensuite remport\u00e9 un THEA en tant que meilleure nouvelle attraction pour enfants dans le monde.<\/p>\n<p>C&rsquo;est cette combinaison de comp\u00e9tences que nous avons apport\u00e9e \u00e0 CAP.Co lorsque nous avons cr\u00e9\u00e9 l&rsquo;entreprise. Une conception exceptionnelle, avec un v\u00e9ritable sens du lieu, qui tire des enseignements de chaque site. Nous cr\u00e9ons des opportunit\u00e9s de jeu \u00e0 chaque tournant, qui sont suffisamment amusantes, engageantes et stimulantes pour vous donner envie de revenir encore et encore.<\/p>\n<p>Dans un livre r\u00e9cent, le sociologue Frank Furedi d\u00e9crit toute une nouvelle g\u00e9n\u00e9ration comme \u00e9tant des \u00ab\u00a0enfants de batterie\u00a0\u00bb. Il d\u00e9crit des parents qui enveloppent leurs enfants dans du coton pour qu&rsquo;ils soient comparables \u00e0 des poules de batterie vivant \u00e0 l&rsquo;int\u00e9rieur.<\/p>\n<p>C&rsquo;est ce que prouvent certains chiffres r\u00e9cents du NHS.<\/p>\n<p>Les enfants ont toujours des accidents. C&rsquo;est ce qu&rsquo;ils font, comment ils grandissent et comment ils comprennent les risques qu&rsquo;ils sont pr\u00eats \u00e0 prendre. Mais il est int\u00e9ressant de noter que le nombre d&rsquo;accidents dont sont victimes les enfants n&rsquo;a pas chang\u00e9 de mani\u00e8re significative en dix ans. Le type d&rsquo;accidents qu&rsquo;ils subissent a cependant sensiblement chang\u00e9. Les chutes d&rsquo;arbres ont diminu\u00e9 de 34 % depuis 2008 pour atteindre seulement 692 en 2018. Je pense qu&rsquo;il y en avait probablement autant dans notre village, pendant les vacances scolaires de 1978. \u00c0 l&rsquo;inverse, les chutes de lits et de chaises sont en hausse, et les l\u00e9sions li\u00e9es aux microtraumatismes r\u00e9p\u00e9t\u00e9s (RSI) provoqu\u00e9s par le mart\u00e8lement des manettes de jeux sont \u00e9galement en forte hausse (62 %).<\/p>\n<p>Mais la statistique la plus triste de toutes est que la plus forte augmentation des statistiques d&rsquo;accidents chez les enfants entre 2008 et 2018 concerne l&rsquo;automutilation intentionnelle avec un objet tranchant. En hausse de 270 % sur la m\u00eame p\u00e9riode de dix ans.<\/p>\n<p>Ces enfants sont peut-\u00eatre \u00e0 l&rsquo;int\u00e9rieur et <em>apparemment<\/em> plus en s\u00e9curit\u00e9, mais ils sont plus malheureux que jamais.<\/p>\n<p>Pour nous, c&rsquo;est la preuve de la valeur r\u00e9elle du jeu naturel.<\/p>\n<p>Mais rien de tout cela n&rsquo;est nouveau. D\u00e8s 2008, le gouvernement, <a href=\"http:\/\/www.playengland.org.uk\/media\/120447\/play-strategy-summary.pdf\" target=\"_blank\" rel=\"noopener\">par l&rsquo;interm\u00e9diaire de Play England<\/a>, a d\u00e9fini sa strat\u00e9gie visant \u00e0 encourager le d\u00e9veloppement de lieux de jeu plus s\u00fbrs pour les jeunes au sein de leurs communaut\u00e9s. Nous sommes fiers d&rsquo;avoir construit des espaces de jeux d&rsquo;aventure qui ont d\u00e9j\u00e0 permis \u00e0 plus de 6,5 millions d&rsquo;enfants et de familles de s&rsquo;amuser en plein air parmi toutes sortes de ponts de la jungle, de cabanes dans les arbres, de toboggans, de cachettes dans les bois et de labyrinthes dans le ciel.<\/p>\n<p>Nous visons \u00e0 cr\u00e9er des d\u00e9fis qui pr\u00e9sentent un petit <a href=\"https:\/\/wearecapco.com\/news\/approach-to-risk\/\">degr\u00e9 de<\/a> risque, mais z\u00e9ro degr\u00e9 de danger. \u00c0 chaque tournant, des choix et des options sont propos\u00e9s pour encourager la prise de d\u00e9cision et une approche progressive des d\u00e9fis que vous vous sentez assez courageux pour relever.<\/p>\n<p>Le jeu naturel, dans ces environnements, encourage la socialisation et renforce la confiance en soi. Il s&rsquo;agit d&rsquo;un jeu simple, loin des \u00e9crans, en plein air, avec les images, les sons et les odeurs de la nature qui vous entourent &#8211; et nous l&rsquo;adorons.<\/p>\n<p>Voici donc les prochains 6,5 millions, les prochains 20 millions, ou m\u00eame simplement le prochain visage souriant et heureux qui a pass\u00e9 un excellent moment \u00e0 jouer avec ses amis et sa famille en plein air &#8211; la g\u00e9n\u00e9ration post-PlayStation. Inspir\u00e9 pour faire plus et \u00eatre mieux pr\u00e9par\u00e9 pour les nouvelles aventures de la vie.<\/p>\n<p>C&rsquo;est ce que nous faisons, ce qui nous inspire pour en faire plus et c&rsquo;est pourquoi nous aimons cr\u00e9er des lieux d&rsquo;aventure.<\/p>\n"}],"has_hero_image":false,"hero_image":{"ID":15671,"id":15671,"title":"Working together and playing together in the Wild Woodland","filename":"15-working-together-and-playing-together-at-Culzean-Castle-Adventure-play.jpg","filesize":104971,"url":"https:\/\/wearecapco.com\/wp-content\/uploads\/2017\/03\/15-working-together-and-playing-together-at-Culzean-Castle-Adventure-play.jpg","link":"https:\/\/wearecapco.com\/fr\/project\/culzean-castle-adventure-play\/https-mack-photo-17-2\/","alt":"","author":"1","description":"Working together and playing together in the Wild Woodland","caption":"","name":"https-mack-photo-17-2","status":"inherit","uploaded_to":2238,"date":"2018-12-27 18:12:54","modified":"2018-12-27 18:12:54","menu_order":0,"mime_type":"image\/jpeg","type":"image","subtype":"jpeg","icon":"https:\/\/wearecapco.com\/wp-includes\/images\/media\/default.png","width":1000,"height":668,"sizes":{"thumbnail":"https:\/\/wearecapco.com\/wp-content\/uploads\/2017\/03\/15-working-together-and-playing-together-at-Culzean-Castle-Adventure-play-150x150.jpg","thumbnail-width":150,"thumbnail-height":150,"medium":"https:\/\/wearecapco.com\/wp-content\/uploads\/2017\/03\/15-working-together-and-playing-together-at-Culzean-Castle-Adventure-play-300x200.jpg","medium-width":300,"medium-height":200,"medium_large":"https:\/\/wearecapco.com\/wp-content\/uploads\/2017\/03\/15-working-together-and-playing-together-at-Culzean-Castle-Adventure-play-768x513.jpg","medium_large-width":768,"medium_large-height":513,"large":"https:\/\/wearecapco.com\/wp-content\/uploads\/2017\/03\/15-working-together-and-playing-together-at-Culzean-Castle-Adventure-play.jpg","large-width":1000,"large-height":668,"1536x1536":"https:\/\/wearecapco.com\/wp-content\/uploads\/2017\/03\/15-working-together-and-playing-together-at-Culzean-Castle-Adventure-play.jpg","1536x1536-width":1000,"1536x1536-height":668,"2048x2048":"https:\/\/wearecapco.com\/wp-content\/uploads\/2017\/03\/15-working-together-and-playing-together-at-Culzean-Castle-Adventure-play.jpg","2048x2048-width":1000,"2048x2048-height":668,"hero-image-x1":"https:\/\/wearecapco.com\/wp-content\/uploads\/2017\/03\/15-working-together-and-playing-together-at-Culzean-Castle-Adventure-play-599x400.jpg","hero-image-x1-width":599,"hero-image-x1-height":400,"projects":"https:\/\/wearecapco.com\/wp-content\/uploads\/2017\/03\/15-working-together-and-playing-together-at-Culzean-Castle-Adventure-play-449x300.jpg","projects-width":449,"projects-height":300,"post-thumbnail":"https:\/\/wearecapco.com\/wp-content\/uploads\/2017\/03\/15-working-together-and-playing-together-at-Culzean-Castle-Adventure-play-125x125.jpg","post-thumbnail-width":125,"post-thumbnail-height":125}}},"yoast_head":"<!-- This site is optimized with the Yoast SEO plugin v27.3 - https:\/\/yoast.com\/product\/yoast-seo-wordpress\/ -->\n<title>La valeur du jeu | Nous sommes CAP.Co Cr\u00e9er des lieux d&#039;aventure<\/title>\n<meta name=\"description\" content=\"Le jeu naturel favorise la socialisation et renforce la confiance en soi. Il s&#039;agit d&#039;un jeu simple, en plein air, avec les images, les sons et les odeurs de la nature.\" \/>\n<meta name=\"robots\" content=\"index, follow, max-snippet:-1, max-image-preview:large, max-video-preview:-1\" \/>\n<link rel=\"canonical\" href=\"https:\/\/wearecapco.com\/fr\/la-valeur-du-jeu\/\" \/>\n<meta property=\"og:locale\" content=\"fr_FR\" \/>\n<meta property=\"og:type\" content=\"article\" \/>\n<meta property=\"og:title\" content=\"La valeur du jeu | Nous sommes CAP.Co Cr\u00e9er des lieux d&#039;aventure\" \/>\n<meta property=\"og:description\" content=\"Le jeu naturel favorise la socialisation et renforce la confiance en soi. Il s&#039;agit d&#039;un jeu simple, en plein air, avec les images, les sons et les odeurs de la nature.\" \/>\n<meta property=\"og:url\" content=\"https:\/\/wearecapco.com\/fr\/la-valeur-du-jeu\/\" \/>\n<meta property=\"og:site_name\" content=\"CAP.CO | Creating Adventurous Places Ltd.\" \/>\n<meta property=\"article:publisher\" content=\"https:\/\/www.facebook.com\/wearecapco\" \/>\n<meta name=\"twitter:card\" content=\"summary_large_image\" \/>\n<script type=\"application\/ld+json\" class=\"yoast-schema-graph\">{\"@context\":\"https:\\\/\\\/schema.org\",\"@graph\":[{\"@type\":\"WebPage\",\"@id\":\"https:\\\/\\\/wearecapco.com\\\/fr\\\/la-valeur-du-jeu\\\/\",\"url\":\"https:\\\/\\\/wearecapco.com\\\/fr\\\/la-valeur-du-jeu\\\/\",\"name\":\"La valeur du jeu | Nous sommes CAP.Co Cr\u00e9er des lieux d'aventure\",\"isPartOf\":{\"@id\":\"https:\\\/\\\/wearecapco.com\\\/fr\\\/#website\"},\"datePublished\":\"2019-01-09T18:16:04+00:00\",\"description\":\"Le jeu naturel favorise la socialisation et renforce la confiance en soi. Il s'agit d'un jeu simple, en plein air, avec les images, les sons et les odeurs de la nature.\",\"breadcrumb\":{\"@id\":\"https:\\\/\\\/wearecapco.com\\\/fr\\\/la-valeur-du-jeu\\\/#breadcrumb\"},\"inLanguage\":\"fr-FR\",\"potentialAction\":[{\"@type\":\"ReadAction\",\"target\":[\"https:\\\/\\\/wearecapco.com\\\/fr\\\/la-valeur-du-jeu\\\/\"]}]},{\"@type\":\"BreadcrumbList\",\"@id\":\"https:\\\/\\\/wearecapco.com\\\/fr\\\/la-valeur-du-jeu\\\/#breadcrumb\",\"itemListElement\":[{\"@type\":\"ListItem\",\"position\":1,\"name\":\"Home\",\"item\":\"https:\\\/\\\/wearecapco.com\\\/fr\\\/\"},{\"@type\":\"ListItem\",\"position\":2,\"name\":\"La valeur du jeu\"}]},{\"@type\":\"WebSite\",\"@id\":\"https:\\\/\\\/wearecapco.com\\\/fr\\\/#website\",\"url\":\"https:\\\/\\\/wearecapco.com\\\/fr\\\/\",\"name\":\"CAP.CO | Creating Adventurous Places Ltd.\",\"description\":\"Creating adventurous places for every imagination\",\"publisher\":{\"@id\":\"https:\\\/\\\/wearecapco.com\\\/fr\\\/#organization\"},\"potentialAction\":[{\"@type\":\"SearchAction\",\"target\":{\"@type\":\"EntryPoint\",\"urlTemplate\":\"https:\\\/\\\/wearecapco.com\\\/fr\\\/?s={search_term_string}\"},\"query-input\":{\"@type\":\"PropertyValueSpecification\",\"valueRequired\":true,\"valueName\":\"search_term_string\"}}],\"inLanguage\":\"fr-FR\"},{\"@type\":\"Organization\",\"@id\":\"https:\\\/\\\/wearecapco.com\\\/fr\\\/#organization\",\"name\":\"CAP.CO | Creating Adventurous Places Ltd\",\"url\":\"https:\\\/\\\/wearecapco.com\\\/fr\\\/\",\"logo\":{\"@type\":\"ImageObject\",\"inLanguage\":\"fr-FR\",\"@id\":\"https:\\\/\\\/wearecapco.com\\\/fr\\\/#\\\/schema\\\/logo\\\/image\\\/\",\"url\":\"https:\\\/\\\/wearecapco.com\\\/wp-content\\\/uploads\\\/2025\\\/09\\\/cropped-CAP.CO_LOGO_FAVICON.png\",\"contentUrl\":\"https:\\\/\\\/wearecapco.com\\\/wp-content\\\/uploads\\\/2025\\\/09\\\/cropped-CAP.CO_LOGO_FAVICON.png\",\"width\":512,\"height\":512,\"caption\":\"CAP.CO | Creating Adventurous Places Ltd\"},\"image\":{\"@id\":\"https:\\\/\\\/wearecapco.com\\\/fr\\\/#\\\/schema\\\/logo\\\/image\\\/\"},\"sameAs\":[\"https:\\\/\\\/www.facebook.com\\\/wearecapco\",\"https:\\\/\\\/www.instagram.com\\\/we_are_capco\\\/\",\"https:\\\/\\\/www.linkedin.com\\\/company\\\/we-are-capco\\\/about\\\/\",\"https:\\\/\\\/www.youtube.com\\\/channel\\\/UCN0C8R-6BQd6jU-5iB80lcw\\\/videos\"]}]}<\/script>\n<!-- \/ Yoast SEO plugin. -->","yoast_head_json":{"title":"La valeur du jeu | Nous sommes CAP.Co Cr\u00e9er des lieux d'aventure","description":"Le jeu naturel favorise la socialisation et renforce la confiance en soi. Il s'agit d'un jeu simple, en plein air, avec les images, les sons et les odeurs de la nature.","robots":{"index":"index","follow":"follow","max-snippet":"max-snippet:-1","max-image-preview":"max-image-preview:large","max-video-preview":"max-video-preview:-1"},"canonical":"https:\/\/wearecapco.com\/fr\/la-valeur-du-jeu\/","og_locale":"fr_FR","og_type":"article","og_title":"La valeur du jeu | Nous sommes CAP.Co Cr\u00e9er des lieux d'aventure","og_description":"Le jeu naturel favorise la socialisation et renforce la confiance en soi. Il s'agit d'un jeu simple, en plein air, avec les images, les sons et les odeurs de la nature.","og_url":"https:\/\/wearecapco.com\/fr\/la-valeur-du-jeu\/","og_site_name":"CAP.CO | Creating Adventurous Places Ltd.","article_publisher":"https:\/\/www.facebook.com\/wearecapco","twitter_card":"summary_large_image","schema":{"@context":"https:\/\/schema.org","@graph":[{"@type":"WebPage","@id":"https:\/\/wearecapco.com\/fr\/la-valeur-du-jeu\/","url":"https:\/\/wearecapco.com\/fr\/la-valeur-du-jeu\/","name":"La valeur du jeu | Nous sommes CAP.Co Cr\u00e9er des lieux d'aventure","isPartOf":{"@id":"https:\/\/wearecapco.com\/fr\/#website"},"datePublished":"2019-01-09T18:16:04+00:00","description":"Le jeu naturel favorise la socialisation et renforce la confiance en soi. Il s'agit d'un jeu simple, en plein air, avec les images, les sons et les odeurs de la nature.","breadcrumb":{"@id":"https:\/\/wearecapco.com\/fr\/la-valeur-du-jeu\/#breadcrumb"},"inLanguage":"fr-FR","potentialAction":[{"@type":"ReadAction","target":["https:\/\/wearecapco.com\/fr\/la-valeur-du-jeu\/"]}]},{"@type":"BreadcrumbList","@id":"https:\/\/wearecapco.com\/fr\/la-valeur-du-jeu\/#breadcrumb","itemListElement":[{"@type":"ListItem","position":1,"name":"Home","item":"https:\/\/wearecapco.com\/fr\/"},{"@type":"ListItem","position":2,"name":"La valeur du jeu"}]},{"@type":"WebSite","@id":"https:\/\/wearecapco.com\/fr\/#website","url":"https:\/\/wearecapco.com\/fr\/","name":"CAP.CO | Creating Adventurous Places Ltd.","description":"Creating adventurous places for every imagination","publisher":{"@id":"https:\/\/wearecapco.com\/fr\/#organization"},"potentialAction":[{"@type":"SearchAction","target":{"@type":"EntryPoint","urlTemplate":"https:\/\/wearecapco.com\/fr\/?s={search_term_string}"},"query-input":{"@type":"PropertyValueSpecification","valueRequired":true,"valueName":"search_term_string"}}],"inLanguage":"fr-FR"},{"@type":"Organization","@id":"https:\/\/wearecapco.com\/fr\/#organization","name":"CAP.CO | Creating Adventurous Places Ltd","url":"https:\/\/wearecapco.com\/fr\/","logo":{"@type":"ImageObject","inLanguage":"fr-FR","@id":"https:\/\/wearecapco.com\/fr\/#\/schema\/logo\/image\/","url":"https:\/\/wearecapco.com\/wp-content\/uploads\/2025\/09\/cropped-CAP.CO_LOGO_FAVICON.png","contentUrl":"https:\/\/wearecapco.com\/wp-content\/uploads\/2025\/09\/cropped-CAP.CO_LOGO_FAVICON.png","width":512,"height":512,"caption":"CAP.CO | Creating Adventurous Places Ltd"},"image":{"@id":"https:\/\/wearecapco.com\/fr\/#\/schema\/logo\/image\/"},"sameAs":["https:\/\/www.facebook.com\/wearecapco","https:\/\/www.instagram.com\/we_are_capco\/","https:\/\/www.linkedin.com\/company\/we-are-capco\/about\/","https:\/\/www.youtube.com\/channel\/UCN0C8R-6BQd6jU-5iB80lcw\/videos"]}]}},"_links":{"self":[{"href":"https:\/\/wearecapco.com\/fr\/wp-json\/wp\/v2\/pages\/17663","targetHints":{"allow":["GET"]}}],"collection":[{"href":"https:\/\/wearecapco.com\/fr\/wp-json\/wp\/v2\/pages"}],"about":[{"href":"https:\/\/wearecapco.com\/fr\/wp-json\/wp\/v2\/types\/page"}],"author":[{"embeddable":true,"href":"https:\/\/wearecapco.com\/fr\/wp-json\/wp\/v2\/users\/2"}],"replies":[{"embeddable":true,"href":"https:\/\/wearecapco.com\/fr\/wp-json\/wp\/v2\/comments?post=17663"}],"version-history":[{"count":0,"href":"https:\/\/wearecapco.com\/fr\/wp-json\/wp\/v2\/pages\/17663\/revisions"}],"wp:attachment":[{"href":"https:\/\/wearecapco.com\/fr\/wp-json\/wp\/v2\/media?parent=17663"}],"curies":[{"name":"wp","href":"https:\/\/api.w.org\/{rel}","templated":true}]}}