{"id":19018,"date":"2024-07-04T10:45:20","date_gmt":"2024-07-04T10:45:20","guid":{"rendered":"https:\/\/wearecapco.com\/politique-en-matiere-de-sante-de-securite-et-de-bien-etre\/"},"modified":"2024-07-04T10:45:20","modified_gmt":"2024-07-04T10:45:20","slug":"politique-en-matiere-de-sante-de-securite-et-de-bien-etre","status":"publish","type":"page","link":"https:\/\/wearecapco.com\/fr\/politique-en-matiere-de-cookies\/politique-en-matiere-de-sante-de-securite-et-de-bien-etre\/","title":{"rendered":"Politique en mati\u00e8re de sant\u00e9, de s\u00e9curit\u00e9 et de bien-\u00eatre"},"content":{"rendered":"","protected":false},"excerpt":{"rendered":"","protected":false},"author":2,"featured_media":0,"parent":17658,"menu_order":0,"comment_status":"closed","ping_status":"closed","template":"","meta":{"_acf_changed":false,"footnotes":""},"class_list":["post-19018","page","type-page","status-publish","hentry"],"acf":{"flexible_content":[{"acf_fc_layout":"content","content":"<p>Cette politique s\u2019applique \u00e0 toutes les activit\u00e9s que nous entreprenons. Par cons\u00e9quent, elle s\u2019applique \u00e0 tous nos employ\u00e9s et sous-traitants qui peuvent effectuer des activit\u00e9s de travail en notre nom. Cela comprend les activit\u00e9s dans nos bureaux, nos sites, le travail \u00e0 domicile du personnel, le travail \u00e0 distance \u00e0 d\u2019autres endroits et les voyages d\u2019affaires. Nous nous engageons \u00e0 respecter toutes les normes applicables en mati\u00e8re de sant\u00e9, de s\u00e9curit\u00e9 et de bien-\u00eatre et nous nous effor\u00e7ons d\u2019atteindre l\u2019objectif de z\u00e9ro blessure dans tout ce que nous faisons. Nous nous engageons \u00e0 ancrer une culture de la s\u00e9curit\u00e9 et \u00e0 mettre en \u0153uvre une politique visant \u00e0 promouvoir une meilleure sant\u00e9 au travail.<\/p>\n<h2>Vise<\/h2>\n<ul>\n<li>Veiller \u00e0 ce que notre personnel sache qu\u2019il est en mesure de travailler dans un environnement exempt de discrimination et de harc\u00e8lement et qu\u2019il est en mesure de r\u00e9aliser son plein potentiel dans son travail sans distraction.<\/li>\n<li>Traitez tout le monde \u00e9quitablement, avec dignit\u00e9 et respect.<\/li>\n<li>Entretenir des relations justes et honorables avec nos gens, o\u00f9 la reconnaissance, la r\u00e9compense et les possibilit\u00e9s refl\u00e8tent les capacit\u00e9s, l\u2019exp\u00e9rience et les aspirations de chacun.<\/li>\n<li>Cr\u00e9er un environnement qui apporte les meilleures comp\u00e9tences \u00e0 notre travail.<\/li>\n<\/ul>\n<h2>Nous allons :<\/h2>\n<ul>\n<li>Int\u00e9grer la sant\u00e9 et la s\u00e9curit\u00e9 \u00e0 nos objectifs commerciaux fondamentaux et \u00e0 notre gestion, identifier les risques en mati\u00e8re de sant\u00e9, de s\u00e9curit\u00e9 et de bien-\u00eatre et mettre en place des contr\u00f4les pour pr\u00e9venir et g\u00e9rer ces risques.<\/li>\n<li>Dotez notre engagement d\u2019investissements, de syst\u00e8mes, d\u2019\u00e9quipements, d\u2019informations et de formations appropri\u00e9s.<\/li>\n<li>S\u2019engager \u00e0 respecter les exigences l\u00e9gales, les normes et les codes professionnels pertinents.<\/li>\n<li>D\u00e9finir et surveiller les performances et les domaines prioritaires en mati\u00e8re de sant\u00e9, de s\u00e9curit\u00e9 et de bien-\u00eatre et examiner les possibilit\u00e9s d\u2019am\u00e9lioration.<\/li>\n<li>Veiller \u00e0 ce que les responsabilit\u00e9s en mati\u00e8re de sant\u00e9, de s\u00e9curit\u00e9, de bien-\u00eatre et de bien-\u00eatre dans les zones de contr\u00f4le soient correctement attribu\u00e9es, transmises, comprises et mises en \u0153uvre dans l\u2019ensemble de la structure organisationnelle, par le biais de notre cha\u00eene d\u2019approvisionnement et de nos sous-traitants.<\/li>\n<li>Collaborer avec les clients, les partenaires et les fournisseurs pour am\u00e9liorer la sant\u00e9 et la s\u00e9curit\u00e9.<\/li>\n<li>Promouvoir un leadership, des comportements et des actions positifs.<\/li>\n<li>Dialoguer avec nos collaborateurs afin que leurs id\u00e9es, innovations et exp\u00e9riences soient une source d\u2019am\u00e9lioration.<\/li>\n<li>Int\u00e9grer la sant\u00e9, la s\u00e9curit\u00e9 et le bien-\u00eatre dans notre conception, nos conseils et nos d\u00e9cisions.<\/li>\n<li>Favoriser une culture de travail saine et positive o\u00f9 il y a une tol\u00e9rance z\u00e9ro \u00e0 l\u2019\u00e9gard de l\u2019usage inappropri\u00e9 de drogues et d\u2019alcool en milieu de travail.<\/li>\n<li>Int\u00e9grer une culture d\u2019apprentissage continu qui c\u00e9l\u00e8bre le succ\u00e8s et s\u2019am\u00e9liore gr\u00e2ce \u00e0 l\u2019exp\u00e9rience.<\/li>\n<li>Nous y parviendrons en \u00e9tant tous responsables et en assumant la responsabilit\u00e9 personnelle de la sant\u00e9, de la s\u00e9curit\u00e9 et du bien-\u00eatre.<\/li>\n<\/ul>\n"}],"has_hero_image":false},"yoast_head":"<!-- This site is optimized with the Yoast SEO plugin v27.3 - https:\/\/yoast.com\/product\/yoast-seo-wordpress\/ -->\n<title>Politique de sant\u00e9, de s\u00e9curit\u00e9 et de bien-\u00eatre | Nous sommes CAP.CO<\/title>\n<meta name=\"description\" content=\"Cette politique s\u2019applique \u00e0 toutes les activit\u00e9s que nous entreprenons. Par cons\u00e9quent, elle s\u2019applique \u00e0 tous nos employ\u00e9s et sous-traitants.\" \/>\n<meta name=\"robots\" content=\"index, follow, max-snippet:-1, max-image-preview:large, max-video-preview:-1\" \/>\n<link rel=\"canonical\" href=\"https:\/\/wearecapco.com\/fr\/politique-en-matiere-de-cookies\/politique-en-matiere-de-sante-de-securite-et-de-bien-etre\/\" \/>\n<meta property=\"og:locale\" content=\"fr_FR\" \/>\n<meta property=\"og:type\" content=\"article\" \/>\n<meta property=\"og:title\" content=\"Politique de sant\u00e9, de s\u00e9curit\u00e9 et de bien-\u00eatre | Nous sommes CAP.CO\" \/>\n<meta property=\"og:description\" content=\"Cette politique s\u2019applique \u00e0 toutes les activit\u00e9s que nous entreprenons. Par cons\u00e9quent, elle s\u2019applique \u00e0 tous nos employ\u00e9s et sous-traitants.\" \/>\n<meta property=\"og:url\" content=\"https:\/\/wearecapco.com\/fr\/politique-en-matiere-de-cookies\/politique-en-matiere-de-sante-de-securite-et-de-bien-etre\/\" \/>\n<meta property=\"og:site_name\" content=\"CAP.CO | Creating Adventurous Places Ltd.\" \/>\n<meta property=\"article:publisher\" content=\"https:\/\/www.facebook.com\/wearecapco\" \/>\n<meta name=\"twitter:card\" content=\"summary_large_image\" \/>\n<script type=\"application\/ld+json\" class=\"yoast-schema-graph\">{\"@context\":\"https:\\\/\\\/schema.org\",\"@graph\":[{\"@type\":\"WebPage\",\"@id\":\"https:\\\/\\\/wearecapco.com\\\/fr\\\/politique-en-matiere-de-cookies\\\/politique-en-matiere-de-sante-de-securite-et-de-bien-etre\\\/\",\"url\":\"https:\\\/\\\/wearecapco.com\\\/fr\\\/politique-en-matiere-de-cookies\\\/politique-en-matiere-de-sante-de-securite-et-de-bien-etre\\\/\",\"name\":\"Politique de sant\u00e9, de s\u00e9curit\u00e9 et de bien-\u00eatre | Nous sommes CAP.CO\",\"isPartOf\":{\"@id\":\"https:\\\/\\\/wearecapco.com\\\/fr\\\/#website\"},\"datePublished\":\"2024-07-04T10:45:20+00:00\",\"description\":\"Cette politique s\u2019applique \u00e0 toutes les activit\u00e9s que nous entreprenons. Par cons\u00e9quent, elle s\u2019applique \u00e0 tous nos employ\u00e9s et sous-traitants.\",\"breadcrumb\":{\"@id\":\"https:\\\/\\\/wearecapco.com\\\/fr\\\/politique-en-matiere-de-cookies\\\/politique-en-matiere-de-sante-de-securite-et-de-bien-etre\\\/#breadcrumb\"},\"inLanguage\":\"fr-FR\",\"potentialAction\":[{\"@type\":\"ReadAction\",\"target\":[\"https:\\\/\\\/wearecapco.com\\\/fr\\\/politique-en-matiere-de-cookies\\\/politique-en-matiere-de-sante-de-securite-et-de-bien-etre\\\/\"]}]},{\"@type\":\"BreadcrumbList\",\"@id\":\"https:\\\/\\\/wearecapco.com\\\/fr\\\/politique-en-matiere-de-cookies\\\/politique-en-matiere-de-sante-de-securite-et-de-bien-etre\\\/#breadcrumb\",\"itemListElement\":[{\"@type\":\"ListItem\",\"position\":1,\"name\":\"Home\",\"item\":\"https:\\\/\\\/wearecapco.com\\\/fr\\\/\"},{\"@type\":\"ListItem\",\"position\":2,\"name\":\"Politique en mati\u00e8re de sant\u00e9, de s\u00e9curit\u00e9 et de bien-\u00eatre\"}]},{\"@type\":\"WebSite\",\"@id\":\"https:\\\/\\\/wearecapco.com\\\/fr\\\/#website\",\"url\":\"https:\\\/\\\/wearecapco.com\\\/fr\\\/\",\"name\":\"CAP.CO | Creating Adventurous Places Ltd.\",\"description\":\"Creating adventurous places for every imagination\",\"publisher\":{\"@id\":\"https:\\\/\\\/wearecapco.com\\\/fr\\\/#organization\"},\"potentialAction\":[{\"@type\":\"SearchAction\",\"target\":{\"@type\":\"EntryPoint\",\"urlTemplate\":\"https:\\\/\\\/wearecapco.com\\\/fr\\\/?s={search_term_string}\"},\"query-input\":{\"@type\":\"PropertyValueSpecification\",\"valueRequired\":true,\"valueName\":\"search_term_string\"}}],\"inLanguage\":\"fr-FR\"},{\"@type\":\"Organization\",\"@id\":\"https:\\\/\\\/wearecapco.com\\\/fr\\\/#organization\",\"name\":\"CAP.CO | Creating Adventurous Places Ltd\",\"url\":\"https:\\\/\\\/wearecapco.com\\\/fr\\\/\",\"logo\":{\"@type\":\"ImageObject\",\"inLanguage\":\"fr-FR\",\"@id\":\"https:\\\/\\\/wearecapco.com\\\/fr\\\/#\\\/schema\\\/logo\\\/image\\\/\",\"url\":\"https:\\\/\\\/wearecapco.com\\\/wp-content\\\/uploads\\\/2025\\\/09\\\/cropped-CAP.CO_LOGO_FAVICON.png\",\"contentUrl\":\"https:\\\/\\\/wearecapco.com\\\/wp-content\\\/uploads\\\/2025\\\/09\\\/cropped-CAP.CO_LOGO_FAVICON.png\",\"width\":512,\"height\":512,\"caption\":\"CAP.CO | Creating Adventurous Places Ltd\"},\"image\":{\"@id\":\"https:\\\/\\\/wearecapco.com\\\/fr\\\/#\\\/schema\\\/logo\\\/image\\\/\"},\"sameAs\":[\"https:\\\/\\\/www.facebook.com\\\/wearecapco\",\"https:\\\/\\\/www.instagram.com\\\/we_are_capco\\\/\",\"https:\\\/\\\/www.linkedin.com\\\/company\\\/we-are-capco\\\/about\\\/\",\"https:\\\/\\\/www.youtube.com\\\/channel\\\/UCN0C8R-6BQd6jU-5iB80lcw\\\/videos\"]}]}<\/script>\n<!-- \/ Yoast SEO plugin. -->","yoast_head_json":{"title":"Politique de sant\u00e9, de s\u00e9curit\u00e9 et de bien-\u00eatre | Nous sommes CAP.CO","description":"Cette politique s\u2019applique \u00e0 toutes les activit\u00e9s que nous entreprenons. Par cons\u00e9quent, elle s\u2019applique \u00e0 tous nos employ\u00e9s et sous-traitants.","robots":{"index":"index","follow":"follow","max-snippet":"max-snippet:-1","max-image-preview":"max-image-preview:large","max-video-preview":"max-video-preview:-1"},"canonical":"https:\/\/wearecapco.com\/fr\/politique-en-matiere-de-cookies\/politique-en-matiere-de-sante-de-securite-et-de-bien-etre\/","og_locale":"fr_FR","og_type":"article","og_title":"Politique de sant\u00e9, de s\u00e9curit\u00e9 et de bien-\u00eatre | Nous sommes CAP.CO","og_description":"Cette politique s\u2019applique \u00e0 toutes les activit\u00e9s que nous entreprenons. Par cons\u00e9quent, elle s\u2019applique \u00e0 tous nos employ\u00e9s et sous-traitants.","og_url":"https:\/\/wearecapco.com\/fr\/politique-en-matiere-de-cookies\/politique-en-matiere-de-sante-de-securite-et-de-bien-etre\/","og_site_name":"CAP.CO | Creating Adventurous Places Ltd.","article_publisher":"https:\/\/www.facebook.com\/wearecapco","twitter_card":"summary_large_image","schema":{"@context":"https:\/\/schema.org","@graph":[{"@type":"WebPage","@id":"https:\/\/wearecapco.com\/fr\/politique-en-matiere-de-cookies\/politique-en-matiere-de-sante-de-securite-et-de-bien-etre\/","url":"https:\/\/wearecapco.com\/fr\/politique-en-matiere-de-cookies\/politique-en-matiere-de-sante-de-securite-et-de-bien-etre\/","name":"Politique de sant\u00e9, de s\u00e9curit\u00e9 et de bien-\u00eatre | Nous sommes CAP.CO","isPartOf":{"@id":"https:\/\/wearecapco.com\/fr\/#website"},"datePublished":"2024-07-04T10:45:20+00:00","description":"Cette politique s\u2019applique \u00e0 toutes les activit\u00e9s que nous entreprenons. Par cons\u00e9quent, elle s\u2019applique \u00e0 tous nos employ\u00e9s et sous-traitants.","breadcrumb":{"@id":"https:\/\/wearecapco.com\/fr\/politique-en-matiere-de-cookies\/politique-en-matiere-de-sante-de-securite-et-de-bien-etre\/#breadcrumb"},"inLanguage":"fr-FR","potentialAction":[{"@type":"ReadAction","target":["https:\/\/wearecapco.com\/fr\/politique-en-matiere-de-cookies\/politique-en-matiere-de-sante-de-securite-et-de-bien-etre\/"]}]},{"@type":"BreadcrumbList","@id":"https:\/\/wearecapco.com\/fr\/politique-en-matiere-de-cookies\/politique-en-matiere-de-sante-de-securite-et-de-bien-etre\/#breadcrumb","itemListElement":[{"@type":"ListItem","position":1,"name":"Home","item":"https:\/\/wearecapco.com\/fr\/"},{"@type":"ListItem","position":2,"name":"Politique en mati\u00e8re de sant\u00e9, de s\u00e9curit\u00e9 et de bien-\u00eatre"}]},{"@type":"WebSite","@id":"https:\/\/wearecapco.com\/fr\/#website","url":"https:\/\/wearecapco.com\/fr\/","name":"CAP.CO | Creating Adventurous Places Ltd.","description":"Creating adventurous places for every imagination","publisher":{"@id":"https:\/\/wearecapco.com\/fr\/#organization"},"potentialAction":[{"@type":"SearchAction","target":{"@type":"EntryPoint","urlTemplate":"https:\/\/wearecapco.com\/fr\/?s={search_term_string}"},"query-input":{"@type":"PropertyValueSpecification","valueRequired":true,"valueName":"search_term_string"}}],"inLanguage":"fr-FR"},{"@type":"Organization","@id":"https:\/\/wearecapco.com\/fr\/#organization","name":"CAP.CO | Creating Adventurous Places Ltd","url":"https:\/\/wearecapco.com\/fr\/","logo":{"@type":"ImageObject","inLanguage":"fr-FR","@id":"https:\/\/wearecapco.com\/fr\/#\/schema\/logo\/image\/","url":"https:\/\/wearecapco.com\/wp-content\/uploads\/2025\/09\/cropped-CAP.CO_LOGO_FAVICON.png","contentUrl":"https:\/\/wearecapco.com\/wp-content\/uploads\/2025\/09\/cropped-CAP.CO_LOGO_FAVICON.png","width":512,"height":512,"caption":"CAP.CO | Creating Adventurous Places Ltd"},"image":{"@id":"https:\/\/wearecapco.com\/fr\/#\/schema\/logo\/image\/"},"sameAs":["https:\/\/www.facebook.com\/wearecapco","https:\/\/www.instagram.com\/we_are_capco\/","https:\/\/www.linkedin.com\/company\/we-are-capco\/about\/","https:\/\/www.youtube.com\/channel\/UCN0C8R-6BQd6jU-5iB80lcw\/videos"]}]}},"_links":{"self":[{"href":"https:\/\/wearecapco.com\/fr\/wp-json\/wp\/v2\/pages\/19018","targetHints":{"allow":["GET"]}}],"collection":[{"href":"https:\/\/wearecapco.com\/fr\/wp-json\/wp\/v2\/pages"}],"about":[{"href":"https:\/\/wearecapco.com\/fr\/wp-json\/wp\/v2\/types\/page"}],"author":[{"embeddable":true,"href":"https:\/\/wearecapco.com\/fr\/wp-json\/wp\/v2\/users\/2"}],"replies":[{"embeddable":true,"href":"https:\/\/wearecapco.com\/fr\/wp-json\/wp\/v2\/comments?post=19018"}],"version-history":[{"count":0,"href":"https:\/\/wearecapco.com\/fr\/wp-json\/wp\/v2\/pages\/19018\/revisions"}],"up":[{"embeddable":true,"href":"https:\/\/wearecapco.com\/fr\/wp-json\/wp\/v2\/pages\/17658"}],"wp:attachment":[{"href":"https:\/\/wearecapco.com\/fr\/wp-json\/wp\/v2\/media?parent=19018"}],"curies":[{"name":"wp","href":"https:\/\/api.w.org\/{rel}","templated":true}]}}