{"id":19099,"date":"2024-07-04T13:29:49","date_gmt":"2024-07-04T13:29:49","guid":{"rendered":"https:\/\/wearecapco.com\/politique-degalite-de-diversite-et-dinclusion\/"},"modified":"2024-07-04T13:29:49","modified_gmt":"2024-07-04T13:29:49","slug":"politique-degalite-de-diversite-et-dinclusion","status":"publish","type":"page","link":"https:\/\/wearecapco.com\/fr\/politique-degalite-de-diversite-et-dinclusion\/","title":{"rendered":"Politique d\u2019\u00e9galit\u00e9, de diversit\u00e9 et d\u2019inclusion"},"content":{"rendered":"","protected":false},"excerpt":{"rendered":"","protected":false},"author":2,"featured_media":0,"parent":0,"menu_order":0,"comment_status":"closed","ping_status":"closed","template":"","meta":{"_acf_changed":false,"footnotes":""},"class_list":["post-19099","page","type-page","status-publish","hentry"],"acf":{"flexible_content":[{"acf_fc_layout":"content","content":"<h2 style=\"text-align: left;\">Politique d\u2019\u00e9galit\u00e9, de diversit\u00e9 et d\u2019inclusion<\/h2>\n<p style=\"text-align: left;\">CAP.CO s\u2019engage \u00e0 cr\u00e9er un environnement de travail inclusif fond\u00e9 sur le m\u00e9rite, l\u2019\u00e9quit\u00e9 et le respect. Nous nous engageons \u00e0 offrir un environnement de travail inclusif qui encourage et accueille la diversit\u00e9, avec une politique de tol\u00e9rance z\u00e9ro pour le harc\u00e8lement et la discrimination. Notre politique est de respecter et de d\u00e9passer les exigences de la loi sur l\u2019\u00e9galit\u00e9 de 2010.<\/p>\n<p style=\"text-align: left;\">Cette politique s\u2019applique \u00e0 tout le personnel employ\u00e9 par le CAP.Co et \u00e0 tout le personnel contractuel qui est sous contrat avec la Soci\u00e9t\u00e9. Elle s\u2019applique \u00e9galement aux personnes avec lesquelles les salari\u00e9s sont sous contrat en cours d\u2019emploi, et en particulier aux candidats \u00e0 un emploi.<\/p>\n<h3 style=\"text-align: left;\">Vise<\/h3>\n<p style=\"text-align: left;\">&#8211; Veiller \u00e0 ce que notre personnel sache qu\u2019il est en mesure de travailler dans un environnement exempt de discrimination et de harc\u00e8lement et qu\u2019il est en mesure de r\u00e9aliser son plein potentiel dans son travail sans distraction.<\/p>\n<p style=\"text-align: left;\">&#8211; Traiter tout le monde \u00e9quitablement, avec dignit\u00e9 et respect.<\/p>\n<p style=\"text-align: left;\">&#8211; Entretenir des relations justes et honorables avec nos employ\u00e9s, o\u00f9 la reconnaissance, la r\u00e9compense et les possibilit\u00e9s refl\u00e8tent les capacit\u00e9s, l\u2019exp\u00e9rience et les aspirations de la personne.<\/p>\n<p style=\"text-align: left;\">&#8211; Cr\u00e9er un environnement qui apporte les meilleures comp\u00e9tences \u00e0 notre travail.<\/p>\n<h3 style=\"text-align: left;\">Nous allons :<\/h3>\n<p style=\"text-align: left;\">&#8211; Valoriser les diff\u00e9rences individuelles et reconna\u00eetre la contribution de chacun.<\/p>\n<p style=\"text-align: left;\">&#8211; Recruter des personnes talentueuses issues d\u2019un large \u00e9ventail d\u2019horizons et de croyances.<\/p>\n<p style=\"text-align: left;\">&#8211; Assurer la participation pleine et effective et l\u2019\u00e9galit\u00e9 des chances pour tous.<\/p>\n<p style=\"text-align: left;\">&#8211; Assurer l\u2019\u00e9galit\u00e9 salariale en fonction des r\u00f4les, des responsabilit\u00e9s et du rendement.<\/p>\n<p style=\"text-align: left;\">&#8211; Accro\u00eetre la sensibilisation et la compr\u00e9hension de nos employ\u00e9s \u00e0 l\u2019\u00e9gard de l\u2019\u00e9galit\u00e9, de la diversit\u00e9 et de l\u2019inclusion.<\/p>\n<p style=\"text-align: left;\">&#8211; Identifier et traiter les comportements inappropri\u00e9s ou la discrimination.<\/p>\n<p style=\"text-align: left;\">&#8211; Chercher \u00e0 travailler avec les clients et les collaborateurs en tenant compte du fait que leurs engagements en mati\u00e8re d\u2019\u00e9galit\u00e9, de diversit\u00e9 et d\u2019inclusion sont conformes aux n\u00f4tres.<\/p>\n<p style=\"text-align: left;\">&#8211; Mesurer notre performance \u00e0 cet \u00e9gard et agir pour \u00e9liminer les obstacles.<\/p>\n<p style=\"text-align: left;\">&#8211; Tous nos employ\u00e9s doivent \u00eatre au courant de la pr\u00e9sente politique et doivent toujours en respecter les termes, y compris dans leurs relations avec les clients et les autres employ\u00e9s.<\/p>\n<p><img loading=\"lazy\" decoding=\"async\" class=\"alignleft wp-image-19063\" src=\"https:\/\/wearecapco.com\/wp-content\/uploads\/2024\/07\/Johnny-Lyle-signature.png\" alt=\"Signature de Johnny Lyle\" width=\"250\" height=\"135\"><br \/>\n\u00a0<br \/>\n\u00a0<br \/>\n\u00a0<\/p>\n<p style=\"text-align: left;\">Johnny Lyle Directeur<\/p>\n<p style=\"text-align: left;\">Derni\u00e8re mise \u00e0 jour le 24 juillet 2024<\/p>\n"}],"has_hero_image":false},"yoast_head":"<!-- This site is optimized with the Yoast SEO plugin v27.3 - https:\/\/yoast.com\/product\/yoast-seo-wordpress\/ -->\n<title>Politique d\u2019\u00e9galit\u00e9, de diversit\u00e9 et d\u2019inclusion | CAP.CO<\/title>\n<meta name=\"description\" content=\"CAP.CO s\u2019engage totalement \u00e0 cr\u00e9er un environnement de travail inclusif fond\u00e9 sur le m\u00e9rite, l\u2019\u00e9quit\u00e9 et le respect.\" \/>\n<meta name=\"robots\" content=\"index, follow, max-snippet:-1, max-image-preview:large, max-video-preview:-1\" \/>\n<link rel=\"canonical\" href=\"https:\/\/wearecapco.com\/fr\/politique-degalite-de-diversite-et-dinclusion\/\" \/>\n<meta property=\"og:locale\" content=\"fr_FR\" \/>\n<meta property=\"og:type\" content=\"article\" \/>\n<meta property=\"og:title\" content=\"Politique d\u2019\u00e9galit\u00e9, de diversit\u00e9 et d\u2019inclusion | CAP.CO\" \/>\n<meta property=\"og:description\" content=\"CAP.CO s\u2019engage totalement \u00e0 cr\u00e9er un environnement de travail inclusif fond\u00e9 sur le m\u00e9rite, l\u2019\u00e9quit\u00e9 et le respect.\" \/>\n<meta property=\"og:url\" content=\"https:\/\/wearecapco.com\/fr\/politique-degalite-de-diversite-et-dinclusion\/\" \/>\n<meta property=\"og:site_name\" content=\"CAP.CO | Creating Adventurous Places Ltd.\" \/>\n<meta property=\"article:publisher\" content=\"https:\/\/www.facebook.com\/wearecapco\" \/>\n<meta name=\"twitter:card\" content=\"summary_large_image\" \/>\n<script type=\"application\/ld+json\" class=\"yoast-schema-graph\">{\"@context\":\"https:\\\/\\\/schema.org\",\"@graph\":[{\"@type\":\"WebPage\",\"@id\":\"https:\\\/\\\/wearecapco.com\\\/fr\\\/politique-degalite-de-diversite-et-dinclusion\\\/\",\"url\":\"https:\\\/\\\/wearecapco.com\\\/fr\\\/politique-degalite-de-diversite-et-dinclusion\\\/\",\"name\":\"Politique d\u2019\u00e9galit\u00e9, de diversit\u00e9 et d\u2019inclusion | CAP.CO\",\"isPartOf\":{\"@id\":\"https:\\\/\\\/wearecapco.com\\\/fr\\\/#website\"},\"datePublished\":\"2024-07-04T13:29:49+00:00\",\"description\":\"CAP.CO s\u2019engage totalement \u00e0 cr\u00e9er un environnement de travail inclusif fond\u00e9 sur le m\u00e9rite, l\u2019\u00e9quit\u00e9 et le respect.\",\"breadcrumb\":{\"@id\":\"https:\\\/\\\/wearecapco.com\\\/fr\\\/politique-degalite-de-diversite-et-dinclusion\\\/#breadcrumb\"},\"inLanguage\":\"fr-FR\",\"potentialAction\":[{\"@type\":\"ReadAction\",\"target\":[\"https:\\\/\\\/wearecapco.com\\\/fr\\\/politique-degalite-de-diversite-et-dinclusion\\\/\"]}]},{\"@type\":\"BreadcrumbList\",\"@id\":\"https:\\\/\\\/wearecapco.com\\\/fr\\\/politique-degalite-de-diversite-et-dinclusion\\\/#breadcrumb\",\"itemListElement\":[{\"@type\":\"ListItem\",\"position\":1,\"name\":\"Home\",\"item\":\"https:\\\/\\\/wearecapco.com\\\/fr\\\/\"},{\"@type\":\"ListItem\",\"position\":2,\"name\":\"Politique d\u2019\u00e9galit\u00e9, de diversit\u00e9 et d\u2019inclusion\"}]},{\"@type\":\"WebSite\",\"@id\":\"https:\\\/\\\/wearecapco.com\\\/fr\\\/#website\",\"url\":\"https:\\\/\\\/wearecapco.com\\\/fr\\\/\",\"name\":\"CAP.CO | Creating Adventurous Places Ltd.\",\"description\":\"Creating adventurous places for every imagination\",\"publisher\":{\"@id\":\"https:\\\/\\\/wearecapco.com\\\/fr\\\/#organization\"},\"potentialAction\":[{\"@type\":\"SearchAction\",\"target\":{\"@type\":\"EntryPoint\",\"urlTemplate\":\"https:\\\/\\\/wearecapco.com\\\/fr\\\/?s={search_term_string}\"},\"query-input\":{\"@type\":\"PropertyValueSpecification\",\"valueRequired\":true,\"valueName\":\"search_term_string\"}}],\"inLanguage\":\"fr-FR\"},{\"@type\":\"Organization\",\"@id\":\"https:\\\/\\\/wearecapco.com\\\/fr\\\/#organization\",\"name\":\"CAP.CO | Creating Adventurous Places Ltd\",\"url\":\"https:\\\/\\\/wearecapco.com\\\/fr\\\/\",\"logo\":{\"@type\":\"ImageObject\",\"inLanguage\":\"fr-FR\",\"@id\":\"https:\\\/\\\/wearecapco.com\\\/fr\\\/#\\\/schema\\\/logo\\\/image\\\/\",\"url\":\"https:\\\/\\\/wearecapco.com\\\/wp-content\\\/uploads\\\/2025\\\/09\\\/cropped-CAP.CO_LOGO_FAVICON.png\",\"contentUrl\":\"https:\\\/\\\/wearecapco.com\\\/wp-content\\\/uploads\\\/2025\\\/09\\\/cropped-CAP.CO_LOGO_FAVICON.png\",\"width\":512,\"height\":512,\"caption\":\"CAP.CO | Creating Adventurous Places Ltd\"},\"image\":{\"@id\":\"https:\\\/\\\/wearecapco.com\\\/fr\\\/#\\\/schema\\\/logo\\\/image\\\/\"},\"sameAs\":[\"https:\\\/\\\/www.facebook.com\\\/wearecapco\",\"https:\\\/\\\/www.instagram.com\\\/we_are_capco\\\/\",\"https:\\\/\\\/www.linkedin.com\\\/company\\\/we-are-capco\\\/about\\\/\",\"https:\\\/\\\/www.youtube.com\\\/channel\\\/UCN0C8R-6BQd6jU-5iB80lcw\\\/videos\"]}]}<\/script>\n<!-- \/ Yoast SEO plugin. -->","yoast_head_json":{"title":"Politique d\u2019\u00e9galit\u00e9, de diversit\u00e9 et d\u2019inclusion | CAP.CO","description":"CAP.CO s\u2019engage totalement \u00e0 cr\u00e9er un environnement de travail inclusif fond\u00e9 sur le m\u00e9rite, l\u2019\u00e9quit\u00e9 et le respect.","robots":{"index":"index","follow":"follow","max-snippet":"max-snippet:-1","max-image-preview":"max-image-preview:large","max-video-preview":"max-video-preview:-1"},"canonical":"https:\/\/wearecapco.com\/fr\/politique-degalite-de-diversite-et-dinclusion\/","og_locale":"fr_FR","og_type":"article","og_title":"Politique d\u2019\u00e9galit\u00e9, de diversit\u00e9 et d\u2019inclusion | CAP.CO","og_description":"CAP.CO s\u2019engage totalement \u00e0 cr\u00e9er un environnement de travail inclusif fond\u00e9 sur le m\u00e9rite, l\u2019\u00e9quit\u00e9 et le respect.","og_url":"https:\/\/wearecapco.com\/fr\/politique-degalite-de-diversite-et-dinclusion\/","og_site_name":"CAP.CO | Creating Adventurous Places Ltd.","article_publisher":"https:\/\/www.facebook.com\/wearecapco","twitter_card":"summary_large_image","schema":{"@context":"https:\/\/schema.org","@graph":[{"@type":"WebPage","@id":"https:\/\/wearecapco.com\/fr\/politique-degalite-de-diversite-et-dinclusion\/","url":"https:\/\/wearecapco.com\/fr\/politique-degalite-de-diversite-et-dinclusion\/","name":"Politique d\u2019\u00e9galit\u00e9, de diversit\u00e9 et d\u2019inclusion | CAP.CO","isPartOf":{"@id":"https:\/\/wearecapco.com\/fr\/#website"},"datePublished":"2024-07-04T13:29:49+00:00","description":"CAP.CO s\u2019engage totalement \u00e0 cr\u00e9er un environnement de travail inclusif fond\u00e9 sur le m\u00e9rite, l\u2019\u00e9quit\u00e9 et le respect.","breadcrumb":{"@id":"https:\/\/wearecapco.com\/fr\/politique-degalite-de-diversite-et-dinclusion\/#breadcrumb"},"inLanguage":"fr-FR","potentialAction":[{"@type":"ReadAction","target":["https:\/\/wearecapco.com\/fr\/politique-degalite-de-diversite-et-dinclusion\/"]}]},{"@type":"BreadcrumbList","@id":"https:\/\/wearecapco.com\/fr\/politique-degalite-de-diversite-et-dinclusion\/#breadcrumb","itemListElement":[{"@type":"ListItem","position":1,"name":"Home","item":"https:\/\/wearecapco.com\/fr\/"},{"@type":"ListItem","position":2,"name":"Politique d\u2019\u00e9galit\u00e9, de diversit\u00e9 et d\u2019inclusion"}]},{"@type":"WebSite","@id":"https:\/\/wearecapco.com\/fr\/#website","url":"https:\/\/wearecapco.com\/fr\/","name":"CAP.CO | Creating Adventurous Places Ltd.","description":"Creating adventurous places for every imagination","publisher":{"@id":"https:\/\/wearecapco.com\/fr\/#organization"},"potentialAction":[{"@type":"SearchAction","target":{"@type":"EntryPoint","urlTemplate":"https:\/\/wearecapco.com\/fr\/?s={search_term_string}"},"query-input":{"@type":"PropertyValueSpecification","valueRequired":true,"valueName":"search_term_string"}}],"inLanguage":"fr-FR"},{"@type":"Organization","@id":"https:\/\/wearecapco.com\/fr\/#organization","name":"CAP.CO | Creating Adventurous Places Ltd","url":"https:\/\/wearecapco.com\/fr\/","logo":{"@type":"ImageObject","inLanguage":"fr-FR","@id":"https:\/\/wearecapco.com\/fr\/#\/schema\/logo\/image\/","url":"https:\/\/wearecapco.com\/wp-content\/uploads\/2025\/09\/cropped-CAP.CO_LOGO_FAVICON.png","contentUrl":"https:\/\/wearecapco.com\/wp-content\/uploads\/2025\/09\/cropped-CAP.CO_LOGO_FAVICON.png","width":512,"height":512,"caption":"CAP.CO | Creating Adventurous Places Ltd"},"image":{"@id":"https:\/\/wearecapco.com\/fr\/#\/schema\/logo\/image\/"},"sameAs":["https:\/\/www.facebook.com\/wearecapco","https:\/\/www.instagram.com\/we_are_capco\/","https:\/\/www.linkedin.com\/company\/we-are-capco\/about\/","https:\/\/www.youtube.com\/channel\/UCN0C8R-6BQd6jU-5iB80lcw\/videos"]}]}},"_links":{"self":[{"href":"https:\/\/wearecapco.com\/fr\/wp-json\/wp\/v2\/pages\/19099","targetHints":{"allow":["GET"]}}],"collection":[{"href":"https:\/\/wearecapco.com\/fr\/wp-json\/wp\/v2\/pages"}],"about":[{"href":"https:\/\/wearecapco.com\/fr\/wp-json\/wp\/v2\/types\/page"}],"author":[{"embeddable":true,"href":"https:\/\/wearecapco.com\/fr\/wp-json\/wp\/v2\/users\/2"}],"replies":[{"embeddable":true,"href":"https:\/\/wearecapco.com\/fr\/wp-json\/wp\/v2\/comments?post=19099"}],"version-history":[{"count":0,"href":"https:\/\/wearecapco.com\/fr\/wp-json\/wp\/v2\/pages\/19099\/revisions"}],"wp:attachment":[{"href":"https:\/\/wearecapco.com\/fr\/wp-json\/wp\/v2\/media?parent=19099"}],"curies":[{"name":"wp","href":"https:\/\/api.w.org\/{rel}","templated":true}]}}